{"id":1109,"date":"2026-02-04T07:14:44","date_gmt":"2026-02-04T06:14:44","guid":{"rendered":"https:\/\/www.camping-phare-ile-vierge.com\/unsere-angebote\/"},"modified":"2026-02-12T07:06:27","modified_gmt":"2026-02-12T06:06:27","slug":"unsere-angebote","status":"publish","type":"page","link":"https:\/\/www.camping-phare-ile-vierge.com\/de\/unsere-angebote\/","title":{"rendered":"Unsere Angebote"},"content":{"rendered":"\t\t<div data-elementor-type=\"wp-page\" data-elementor-id=\"1109\" class=\"elementor elementor-1109 elementor-622\" data-elementor-post-type=\"page\">\n\t\t\t\t<div class=\"elementor-element elementor-element-d75a2a7 e-con-full e-flex e-con e-parent\" data-id=\"d75a2a7\" data-element_type=\"container\" data-settings=\"{&quot;background_background&quot;:&quot;classic&quot;}\">\n\t\t<div class=\"elementor-element elementor-element-da39084 e-flex e-con-boxed e-con e-child\" data-id=\"da39084\" data-element_type=\"container\">\n\t\t\t\t\t<div class=\"e-con-inner\">\n\t\t\t\t<div class=\"elementor-element elementor-element-c4acf77 elementor-widget elementor-widget-theme-site-logo elementor-widget-image\" data-id=\"c4acf77\" data-element_type=\"widget\" data-widget_type=\"theme-site-logo.default\">\n\t\t\t\t\t\t\t\t\t\t\t<a href=\"https:\/\/www.camping-phare-ile-vierge.com\/de\/\">\n\t\t\t<img fetchpriority=\"high\" decoding=\"async\" width=\"1240\" height=\"550\" src=\"https:\/\/www.camping-phare-ile-vierge.com\/wp-content\/uploads\/2026\/01\/logofondblanc-campingduphare-e1769755931772.png\" class=\"attachment-full size-full wp-image-29\" alt=\"\" srcset=\"https:\/\/www.camping-phare-ile-vierge.com\/wp-content\/uploads\/2026\/01\/logofondblanc-campingduphare-e1769755931772.png 1240w, https:\/\/www.camping-phare-ile-vierge.com\/wp-content\/uploads\/2026\/01\/logofondblanc-campingduphare-e1769755931772-300x133.png 300w, https:\/\/www.camping-phare-ile-vierge.com\/wp-content\/uploads\/2026\/01\/logofondblanc-campingduphare-e1769755931772-1024x454.png 1024w, https:\/\/www.camping-phare-ile-vierge.com\/wp-content\/uploads\/2026\/01\/logofondblanc-campingduphare-e1769755931772-768x341.png 768w\" sizes=\"(max-width: 1240px) 100vw, 1240px\" \/>\t\t\t\t<\/a>\n\t\t\t\t\t\t\t\t\t\t\t<\/div>\n\t\t\t\t\t<\/div>\n\t\t\t\t<\/div>\n\t\t<div class=\"elementor-element elementor-element-aa15d77 e-flex e-con-boxed e-con e-child\" data-id=\"aa15d77\" data-element_type=\"container\" data-settings=\"{&quot;position&quot;:&quot;absolute&quot;}\">\n\t\t\t\t\t<div class=\"e-con-inner\">\n\t\t\t\t<div class=\"elementor-element elementor-element-e63857f elementor-widget elementor-widget-heading\" data-id=\"e63857f\" data-element_type=\"widget\" data-widget_type=\"heading.default\">\n\t\t\t\t\t<div class=\"elementor-heading-title elementor-size-default\">Unsere Angebote\n<\/div>\t\t\t\t<\/div>\n\t\t\t\t\t<\/div>\n\t\t\t\t<\/div>\n\t\t\t\t<\/div>\n\t\t<div class=\"elementor-element elementor-element-abef81f e-flex e-con-boxed elementor-invisible e-con e-child\" data-id=\"abef81f\" data-element_type=\"container\" data-settings=\"{&quot;animation&quot;:&quot;fadeInUp&quot;,&quot;animation_delay&quot;:150}\">\n\t\t\t\t\t<div class=\"e-con-inner\">\n\t\t\t\t<div class=\"elementor-element elementor-element-a8ffd14 elementor-widget elementor-widget-heading\" data-id=\"a8ffd14\" data-element_type=\"widget\" data-widget_type=\"heading.default\">\n\t\t\t\t\t<h1 class=\"elementor-heading-title elementor-size-default\">\u00dcbernachten Sie zu den besten Preisen im Virgin Island Lighthouse<\/h1>\t\t\t\t<\/div>\n\t\t\t\t<div class=\"elementor-element elementor-element-f5ac09b elementor-widget elementor-widget-text-editor\" data-id=\"f5ac09b\" data-element_type=\"widget\" data-widget_type=\"text-editor.default\">\n\t\t\t\t\t\t\t\t\t<p data-start=\"242\" data-end=\"528\">Nutzen Sie unsere<strong data-start=\"258\" data-end=\"278\"> Sonderangebote<\/strong> und erleben Sie einen unvergesslichen Aufenthalt in der Bretagne, gegen\u00fcber dem <strong data-start=\"333\" data-end=\"358\">Leuchtturm \u00cele Vierge.<\/strong> Entdecken Sie w\u00e4hrend der gesamten <strong data-start=\"401\" data-end=\"415\">Saison unsere<\/strong><strong data-start=\"419\" data-end=\"442\"> tollen Angebote <\/strong>und exklusiven Vorteile, die Ihnen ein unvergessliches Campingerlebnis zum<strong data-start=\"509\" data-end=\"527\"> besten Preis erm\u00f6glichen.<\/strong><\/p><p data-start=\"530\" data-end=\"775\">Kurzaufenthalte, l\u00e4ngere Auszeiten, Last-Minute-Angebote oder besondere Zeitr\u00e4ume: Unsere Angebote passen sich Ihren W\u00fcnschen nach <strong data-start=\"656\" data-end=\"689\">Natur, Ruhe und Erholung an<\/strong>, egal ob Sie in einem <strong data-start=\"714\" data-end=\"729\">Mobilheim<\/strong>, auf <strong data-start=\"734\" data-end=\"749\">einem Stellplatz<\/strong> oder in einer Rasth\u00fctte \u00fcbernachten.<\/p><p data-start=\"777\" data-end=\"884\"><strong data-start=\"780\" data-end=\"831\">Entdecken Sie unsere Angebote und buchen<\/strong> Sie jetzt Ihren Strandurlaub an der C\u00f4te des L\u00e9gendes.<\/p>\t\t\t\t\t\t\t\t<\/div>\n\t\t\t\t\t<\/div>\n\t\t\t\t<\/div>\n\t\t<div class=\"elementor-element elementor-element-339048a e-flex e-con-boxed e-con e-parent\" data-id=\"339048a\" data-element_type=\"container\">\n\t\t\t\t\t<div class=\"e-con-inner\">\n\t\t<div class=\"elementor-element elementor-element-375ec2b e-con-full e-flex e-con e-child\" data-id=\"375ec2b\" data-element_type=\"container\">\n\t\t\t\t<div class=\"elementor-element elementor-element-9435a72 elementor-widget elementor-widget-html\" data-id=\"9435a72\" data-element_type=\"widget\" data-widget_type=\"html.default\">\n\t\t\t\t\t<ctv-availability data-background-color=\"#FFFFFFFF\"><\/ctv-availability>\t\t\t\t<\/div>\n\t\t\t\t<\/div>\n\t\t\t\t\t<\/div>\n\t\t\t\t<\/div>\n\t\t\t\t<\/div>\n\t\t","protected":false},"excerpt":{"rendered":"<p>Unsere Angebote \u00dcbernachten Sie zu den besten Preisen im Virgin Island Lighthouse Nutzen Sie unsere Sonderangebote und erleben Sie einen unvergesslichen Aufenthalt in der Bretagne, gegen\u00fcber dem Leuchtturm \u00cele Vierge. Entdecken Sie w\u00e4hrend der gesamten Saison unsere tollen Angebote und exklusiven Vorteile, die Ihnen ein unvergessliches Campingerlebnis zum besten Preis erm\u00f6glichen. Kurzaufenthalte, l\u00e4ngere Auszeiten, Last-Minute-Angebote [&hellip;]<\/p>\n","protected":false},"author":1,"featured_media":0,"parent":0,"menu_order":0,"comment_status":"closed","ping_status":"closed","template":"","meta":{"footnotes":""},"class_list":["post-1109","page","type-page","status-publish","hentry"],"yoast_head":"<!-- This site is optimized with the Yoast SEO plugin v26.9 - https:\/\/yoast.com\/product\/yoast-seo-wordpress\/ -->\n<title>Unsere Angebote - CAMPING DU PHARE DE L \u00ceLE VIERGE<\/title>\n<meta name=\"description\" content=\"CAMPING DU PHARE DE L \u00ceLE VIERGE\" \/>\n<meta name=\"robots\" content=\"index, follow, max-snippet:-1, max-image-preview:large, max-video-preview:-1\" \/>\n<link rel=\"canonical\" href=\"https:\/\/www.camping-phare-ile-vierge.com\/nos-offres\/\" \/>\n<meta property=\"og:locale\" content=\"de_DE\" \/>\n<meta property=\"og:type\" content=\"article\" \/>\n<meta property=\"og:title\" content=\"Unsere Angebote - CAMPING DU PHARE DE L \u00ceLE VIERGE\" \/>\n<meta property=\"og:description\" content=\"CAMPING DU PHARE DE L \u00ceLE VIERGE\" \/>\n<meta property=\"og:url\" content=\"https:\/\/www.camping-phare-ile-vierge.com\/nos-offres\/\" \/>\n<meta property=\"og:site_name\" content=\"CAMPING DU PHARE DE L \u00ceLE VIERGE\" \/>\n<meta property=\"article:modified_time\" content=\"2026-02-12T06:06:27+00:00\" \/>\n<meta name=\"twitter:card\" content=\"summary_large_image\" \/>\n<meta name=\"twitter:label1\" content=\"Gesch\u00e4tzte Lesezeit\" \/>\n\t<meta name=\"twitter:data1\" content=\"1\u00a0Minute\" \/>\n<script type=\"application\/ld+json\" class=\"yoast-schema-graph\">{\"@context\":\"https:\/\/schema.org\",\"@graph\":[{\"@type\":\"WebPage\",\"@id\":\"https:\/\/www.camping-phare-ile-vierge.com\/nos-offres\/\",\"url\":\"https:\/\/www.camping-phare-ile-vierge.com\/nos-offres\/\",\"name\":\"Unsere Angebote - CAMPING DU PHARE DE L \u00ceLE VIERGE\",\"isPartOf\":{\"@id\":\"https:\/\/www.camping-phare-ile-vierge.com\/#website\"},\"datePublished\":\"2026-02-04T06:14:44+00:00\",\"dateModified\":\"2026-02-12T06:06:27+00:00\",\"description\":\"CAMPING DU PHARE DE L \u00ceLE VIERGE\",\"breadcrumb\":{\"@id\":\"https:\/\/www.camping-phare-ile-vierge.com\/nos-offres\/#breadcrumb\"},\"inLanguage\":\"de\",\"potentialAction\":[{\"@type\":\"ReadAction\",\"target\":[\"https:\/\/www.camping-phare-ile-vierge.com\/nos-offres\/\"]}]},{\"@type\":\"BreadcrumbList\",\"@id\":\"https:\/\/www.camping-phare-ile-vierge.com\/nos-offres\/#breadcrumb\",\"itemListElement\":[{\"@type\":\"ListItem\",\"position\":1,\"name\":\"Accueil\",\"item\":\"https:\/\/www.camping-phare-ile-vierge.com\/\"},{\"@type\":\"ListItem\",\"position\":2,\"name\":\"Unsere Angebote\"}]},{\"@type\":\"WebSite\",\"@id\":\"https:\/\/www.camping-phare-ile-vierge.com\/#website\",\"url\":\"https:\/\/www.camping-phare-ile-vierge.com\/\",\"name\":\"CAMPING DU PHARE DE L \u00ceLE VIERGE\",\"description\":\"Camping deux \u00e9toiles \u00e0 Plouguerneau dans le Finist\u00e8re face au Phare de l&#039;ile Vierge  - CAMPING DU PHARE DE L&#039; \u00ceLE VIERGE\",\"publisher\":{\"@id\":\"https:\/\/www.camping-phare-ile-vierge.com\/#organization\"},\"potentialAction\":[{\"@type\":\"SearchAction\",\"target\":{\"@type\":\"EntryPoint\",\"urlTemplate\":\"https:\/\/www.camping-phare-ile-vierge.com\/?s={search_term_string}\"},\"query-input\":{\"@type\":\"PropertyValueSpecification\",\"valueRequired\":true,\"valueName\":\"search_term_string\"}}],\"inLanguage\":\"de\"},{\"@type\":\"Organization\",\"@id\":\"https:\/\/www.camping-phare-ile-vierge.com\/#organization\",\"name\":\"CAMPING DU PHARE DE L \u00ceLE VIERGE\",\"url\":\"https:\/\/www.camping-phare-ile-vierge.com\/\",\"logo\":{\"@type\":\"ImageObject\",\"inLanguage\":\"de\",\"@id\":\"https:\/\/www.camping-phare-ile-vierge.com\/#\/schema\/logo\/image\/\",\"url\":\"https:\/\/www.camping-phare-ile-vierge.com\/wp-content\/uploads\/2026\/01\/logofondblanc-campingduphare-e1769755931772.png\",\"contentUrl\":\"https:\/\/www.camping-phare-ile-vierge.com\/wp-content\/uploads\/2026\/01\/logofondblanc-campingduphare-e1769755931772.png\",\"width\":1240,\"height\":550,\"caption\":\"CAMPING DU PHARE DE L \u00ceLE VIERGE\"},\"image\":{\"@id\":\"https:\/\/www.camping-phare-ile-vierge.com\/#\/schema\/logo\/image\/\"}}]}<\/script>\n<!-- \/ Yoast SEO plugin. -->","yoast_head_json":{"title":"Unsere Angebote - CAMPING DU PHARE DE L \u00ceLE VIERGE","description":"CAMPING DU PHARE DE L \u00ceLE VIERGE","robots":{"index":"index","follow":"follow","max-snippet":"max-snippet:-1","max-image-preview":"max-image-preview:large","max-video-preview":"max-video-preview:-1"},"canonical":"https:\/\/www.camping-phare-ile-vierge.com\/nos-offres\/","og_locale":"de_DE","og_type":"article","og_title":"Unsere Angebote - CAMPING DU PHARE DE L \u00ceLE VIERGE","og_description":"CAMPING DU PHARE DE L \u00ceLE VIERGE","og_url":"https:\/\/www.camping-phare-ile-vierge.com\/nos-offres\/","og_site_name":"CAMPING DU PHARE DE L \u00ceLE VIERGE","article_modified_time":"2026-02-12T06:06:27+00:00","twitter_card":"summary_large_image","twitter_misc":{"Gesch\u00e4tzte Lesezeit":"1\u00a0Minute"},"schema":{"@context":"https:\/\/schema.org","@graph":[{"@type":"WebPage","@id":"https:\/\/www.camping-phare-ile-vierge.com\/nos-offres\/","url":"https:\/\/www.camping-phare-ile-vierge.com\/nos-offres\/","name":"Unsere Angebote - CAMPING DU PHARE DE L \u00ceLE VIERGE","isPartOf":{"@id":"https:\/\/www.camping-phare-ile-vierge.com\/#website"},"datePublished":"2026-02-04T06:14:44+00:00","dateModified":"2026-02-12T06:06:27+00:00","description":"CAMPING DU PHARE DE L \u00ceLE VIERGE","breadcrumb":{"@id":"https:\/\/www.camping-phare-ile-vierge.com\/nos-offres\/#breadcrumb"},"inLanguage":"de","potentialAction":[{"@type":"ReadAction","target":["https:\/\/www.camping-phare-ile-vierge.com\/nos-offres\/"]}]},{"@type":"BreadcrumbList","@id":"https:\/\/www.camping-phare-ile-vierge.com\/nos-offres\/#breadcrumb","itemListElement":[{"@type":"ListItem","position":1,"name":"Accueil","item":"https:\/\/www.camping-phare-ile-vierge.com\/"},{"@type":"ListItem","position":2,"name":"Unsere Angebote"}]},{"@type":"WebSite","@id":"https:\/\/www.camping-phare-ile-vierge.com\/#website","url":"https:\/\/www.camping-phare-ile-vierge.com\/","name":"CAMPING DU PHARE DE L \u00ceLE VIERGE","description":"Camping deux \u00e9toiles \u00e0 Plouguerneau dans le Finist\u00e8re face au Phare de l&#039;ile Vierge  - CAMPING DU PHARE DE L&#039; \u00ceLE VIERGE","publisher":{"@id":"https:\/\/www.camping-phare-ile-vierge.com\/#organization"},"potentialAction":[{"@type":"SearchAction","target":{"@type":"EntryPoint","urlTemplate":"https:\/\/www.camping-phare-ile-vierge.com\/?s={search_term_string}"},"query-input":{"@type":"PropertyValueSpecification","valueRequired":true,"valueName":"search_term_string"}}],"inLanguage":"de"},{"@type":"Organization","@id":"https:\/\/www.camping-phare-ile-vierge.com\/#organization","name":"CAMPING DU PHARE DE L \u00ceLE VIERGE","url":"https:\/\/www.camping-phare-ile-vierge.com\/","logo":{"@type":"ImageObject","inLanguage":"de","@id":"https:\/\/www.camping-phare-ile-vierge.com\/#\/schema\/logo\/image\/","url":"https:\/\/www.camping-phare-ile-vierge.com\/wp-content\/uploads\/2026\/01\/logofondblanc-campingduphare-e1769755931772.png","contentUrl":"https:\/\/www.camping-phare-ile-vierge.com\/wp-content\/uploads\/2026\/01\/logofondblanc-campingduphare-e1769755931772.png","width":1240,"height":550,"caption":"CAMPING DU PHARE DE L \u00ceLE VIERGE"},"image":{"@id":"https:\/\/www.camping-phare-ile-vierge.com\/#\/schema\/logo\/image\/"}}]}},"_links":{"self":[{"href":"https:\/\/www.camping-phare-ile-vierge.com\/de\/wp-json\/wp\/v2\/pages\/1109","targetHints":{"allow":["GET"]}}],"collection":[{"href":"https:\/\/www.camping-phare-ile-vierge.com\/de\/wp-json\/wp\/v2\/pages"}],"about":[{"href":"https:\/\/www.camping-phare-ile-vierge.com\/de\/wp-json\/wp\/v2\/types\/page"}],"author":[{"embeddable":true,"href":"https:\/\/www.camping-phare-ile-vierge.com\/de\/wp-json\/wp\/v2\/users\/1"}],"replies":[{"embeddable":true,"href":"https:\/\/www.camping-phare-ile-vierge.com\/de\/wp-json\/wp\/v2\/comments?post=1109"}],"version-history":[{"count":1,"href":"https:\/\/www.camping-phare-ile-vierge.com\/de\/wp-json\/wp\/v2\/pages\/1109\/revisions"}],"predecessor-version":[{"id":1110,"href":"https:\/\/www.camping-phare-ile-vierge.com\/de\/wp-json\/wp\/v2\/pages\/1109\/revisions\/1110"}],"wp:attachment":[{"href":"https:\/\/www.camping-phare-ile-vierge.com\/de\/wp-json\/wp\/v2\/media?parent=1109"}],"curies":[{"name":"wp","href":"https:\/\/api.w.org\/{rel}","templated":true}]}}