{"id":1111,"date":"2026-02-04T07:16:07","date_gmt":"2026-02-04T06:16:07","guid":{"rendered":"https:\/\/www.camping-phare-ile-vierge.com\/mobilheime\/"},"modified":"2026-02-12T07:07:52","modified_gmt":"2026-02-12T06:07:52","slug":"mobilheime","status":"publish","type":"page","link":"https:\/\/www.camping-phare-ile-vierge.com\/de\/mobilheime\/","title":{"rendered":"Mobilheime"},"content":{"rendered":"\t\t<div data-elementor-type=\"wp-page\" data-elementor-id=\"1111\" class=\"elementor elementor-1111 elementor-624\" data-elementor-post-type=\"page\">\n\t\t\t\t<div class=\"elementor-element elementor-element-536361b e-con-full e-flex e-con e-parent\" data-id=\"536361b\" data-element_type=\"container\" data-settings=\"{&quot;background_background&quot;:&quot;classic&quot;}\">\n\t\t<div class=\"elementor-element elementor-element-86fe25f e-flex e-con-boxed e-con e-child\" data-id=\"86fe25f\" data-element_type=\"container\">\n\t\t\t\t\t<div class=\"e-con-inner\">\n\t\t\t\t<div class=\"elementor-element elementor-element-f711347 elementor-widget elementor-widget-theme-site-logo elementor-widget-image\" data-id=\"f711347\" data-element_type=\"widget\" data-widget_type=\"theme-site-logo.default\">\n\t\t\t\t\t\t\t\t\t\t\t<a href=\"https:\/\/www.camping-phare-ile-vierge.com\/de\/\">\n\t\t\t<img fetchpriority=\"high\" decoding=\"async\" width=\"1240\" height=\"550\" src=\"https:\/\/www.camping-phare-ile-vierge.com\/wp-content\/uploads\/2026\/01\/logofondblanc-campingduphare-e1769755931772.png\" class=\"attachment-full size-full wp-image-29\" alt=\"\" srcset=\"https:\/\/www.camping-phare-ile-vierge.com\/wp-content\/uploads\/2026\/01\/logofondblanc-campingduphare-e1769755931772.png 1240w, https:\/\/www.camping-phare-ile-vierge.com\/wp-content\/uploads\/2026\/01\/logofondblanc-campingduphare-e1769755931772-300x133.png 300w, https:\/\/www.camping-phare-ile-vierge.com\/wp-content\/uploads\/2026\/01\/logofondblanc-campingduphare-e1769755931772-1024x454.png 1024w, https:\/\/www.camping-phare-ile-vierge.com\/wp-content\/uploads\/2026\/01\/logofondblanc-campingduphare-e1769755931772-768x341.png 768w\" sizes=\"(max-width: 1240px) 100vw, 1240px\" \/>\t\t\t\t<\/a>\n\t\t\t\t\t\t\t\t\t\t\t<\/div>\n\t\t\t\t\t<\/div>\n\t\t\t\t<\/div>\n\t\t<div class=\"elementor-element elementor-element-7e3593d e-flex e-con-boxed e-con e-child\" data-id=\"7e3593d\" data-element_type=\"container\" data-settings=\"{&quot;position&quot;:&quot;absolute&quot;}\">\n\t\t\t\t\t<div class=\"e-con-inner\">\n\t\t\t\t<div class=\"elementor-element elementor-element-6aca303 elementor-widget elementor-widget-heading\" data-id=\"6aca303\" data-element_type=\"widget\" data-widget_type=\"heading.default\">\n\t\t\t\t\t<div class=\"elementor-heading-title elementor-size-default\">Mobilheime<\/div>\t\t\t\t<\/div>\n\t\t\t\t\t<\/div>\n\t\t\t\t<\/div>\n\t\t\t\t<\/div>\n\t\t<div class=\"elementor-element elementor-element-3287159 e-flex e-con-boxed elementor-invisible e-con e-child\" data-id=\"3287159\" data-element_type=\"container\" data-settings=\"{&quot;animation&quot;:&quot;fadeInUp&quot;,&quot;animation_delay&quot;:150}\">\n\t\t\t\t\t<div class=\"e-con-inner\">\n\t\t\t\t<div class=\"elementor-element elementor-element-09aabfb elementor-widget elementor-widget-heading\" data-id=\"09aabfb\" data-element_type=\"widget\" data-widget_type=\"heading.default\">\n\t\t\t\t\t<h1 class=\"elementor-heading-title elementor-size-default\">\u00dcbernachten Sie in einem Mobilheim mit Meerblick<\/h1>\t\t\t\t<\/div>\n\t\t\t\t<div class=\"elementor-element elementor-element-96374c8 elementor-widget elementor-widget-text-editor\" data-id=\"96374c8\" data-element_type=\"widget\" data-widget_type=\"text-editor.default\">\n\t\t\t\t\t\t\t\t\t<h3 data-start=\"171\" data-end=\"226\">Komfort, Natur und Erholung im Leuchtturm \u00cele Vierge<\/h3><p data-start=\"228\" data-end=\"557\">Machen Sie es sich in einem <strong data-start=\"260\" data-end=\"289\">unserer komfortablen Mobilheime gem\u00fctlich <\/strong>und genie\u00dfen Sie einen <strong data-start=\"332\" data-end=\"361\">Aufenthalt in der Bretagne, umgeben von Meer, Natur und Ruhe.<\/strong> Unsere Unterk\u00fcnfte liegen ideal auf unserem Campingplatz gegen\u00fcber dem <strong data-start=\"414\" data-end=\"439\">Leuchtturm \u00cele Vierge<\/strong> und bieten einen privilegierten Rahmen f\u00fcr einen erholsamen Urlaub \u2013 egal ob Sie als Paar, Familie oder mit Freunden reisen. <\/p><p data-start=\"559\" data-end=\"833\">Unsere voll ausgestatteten und auf Ihren Komfort ausgelegten Mobilheime vereinen <strong data-start=\"636\" data-end=\"665\">Funktionalit\u00e4t und Geselligkeit<\/strong> und erm\u00f6glichen Ihnen ein naturnahes Wohnen. Genie\u00dfen Sie von Ihrer Terrasse aus die frische Meeresluft, die sanfte K\u00fcstenlinie und den Rhythmus der Gezeiten. <\/p><p data-start=\"835\" data-end=\"963\"><strong data-start=\"838\" data-end=\"883\">Buchen Sie jetzt Ihr Mobilheim und g\u00f6nnen Sie sich<\/strong> einen unvergesslichen Bretonenurlaub, der Komfort und frische Luft vereint.<\/p>\t\t\t\t\t\t\t\t<\/div>\n\t\t\t\t\t<\/div>\n\t\t\t\t<\/div>\n\t\t<div class=\"elementor-element elementor-element-4ad0a12 e-flex e-con-boxed e-con e-parent\" data-id=\"4ad0a12\" data-element_type=\"container\">\n\t\t\t\t\t<div class=\"e-con-inner\">\n\t\t<div class=\"elementor-element elementor-element-bb44f3e e-con-full e-flex e-con e-child\" data-id=\"bb44f3e\" data-element_type=\"container\">\n\t\t\t\t<div class=\"elementor-element elementor-element-4ca0f54 elementor-widget elementor-widget-html\" data-id=\"4ca0f54\" data-element_type=\"widget\" data-widget_type=\"html.default\">\n\t\t\t\t\t<ctv-product data-product-id=\"131150\" data-full=\"true\"><\/ctv-product>\t\t\t\t<\/div>\n\t\t\t\t<\/div>\n\t\t<div class=\"elementor-element elementor-element-5cea916 e-con-full e-flex e-con e-child\" data-id=\"5cea916\" data-element_type=\"container\">\n\t\t\t\t<div class=\"elementor-element elementor-element-def15dd elementor-widget elementor-widget-html\" data-id=\"def15dd\" data-element_type=\"widget\" data-widget_type=\"html.default\">\n\t\t\t\t\t<ctv-product data-product-id=\"131154\" data-full=\"true\"><\/ctv-product>\t\t\t\t<\/div>\n\t\t\t\t<\/div>\n\t\t<div class=\"elementor-element elementor-element-512a1bd e-con-full e-flex e-con e-child\" data-id=\"512a1bd\" data-element_type=\"container\">\n\t\t\t\t<div class=\"elementor-element elementor-element-0759fd1 elementor-widget elementor-widget-html\" data-id=\"0759fd1\" data-element_type=\"widget\" data-widget_type=\"html.default\">\n\t\t\t\t\t<ctv-product data-product-id=\"131151\" data-full=\"true\"><\/ctv-product>\t\t\t\t<\/div>\n\t\t\t\t<\/div>\n\t\t<div class=\"elementor-element elementor-element-5a22c69 e-con-full e-flex e-con e-child\" data-id=\"5a22c69\" data-element_type=\"container\">\n\t\t\t\t<div class=\"elementor-element elementor-element-7b740c3 elementor-widget elementor-widget-html\" data-id=\"7b740c3\" data-element_type=\"widget\" data-widget_type=\"html.default\">\n\t\t\t\t\t<ctv-product data-product-id=\"140763\" data-full=\"true\"><\/ctv-product>\t\t\t\t<\/div>\n\t\t\t\t<\/div>\n\t\t<div class=\"elementor-element elementor-element-ce66626 e-con-full e-flex e-con e-child\" data-id=\"ce66626\" data-element_type=\"container\">\n\t\t\t\t<div class=\"elementor-element elementor-element-d0cf52a elementor-widget elementor-widget-html\" data-id=\"d0cf52a\" data-element_type=\"widget\" data-widget_type=\"html.default\">\n\t\t\t\t\t<ctv-product data-product-id=\"140764\" data-full=\"true\"><\/ctv-product>\t\t\t\t<\/div>\n\t\t\t\t<\/div>\n\t\t<div class=\"elementor-element elementor-element-372910f e-con-full e-flex e-con e-child\" data-id=\"372910f\" data-element_type=\"container\">\n\t\t\t\t<div class=\"elementor-element elementor-element-7e84c09 elementor-widget elementor-widget-html\" data-id=\"7e84c09\" data-element_type=\"widget\" data-widget_type=\"html.default\">\n\t\t\t\t\t<ctv-product data-product-id=\"131153\" data-full=\"true\"><\/ctv-product>\t\t\t\t<\/div>\n\t\t\t\t<\/div>\n\t\t<div class=\"elementor-element elementor-element-11ec074 e-con-full e-flex e-con e-child\" data-id=\"11ec074\" data-element_type=\"container\">\n\t\t\t\t<div class=\"elementor-element elementor-element-596a57d elementor-widget elementor-widget-html\" data-id=\"596a57d\" data-element_type=\"widget\" data-widget_type=\"html.default\">\n\t\t\t\t\t<ctv-product data-product-id=\"122756\" data-full=\"true\"><\/ctv-product>\t\t\t\t<\/div>\n\t\t\t\t<\/div>\n\t\t<div class=\"elementor-element elementor-element-58c52f2 e-con-full e-flex e-con e-child\" data-id=\"58c52f2\" data-element_type=\"container\">\n\t\t\t\t<div class=\"elementor-element elementor-element-68bdd68 elementor-widget elementor-widget-html\" data-id=\"68bdd68\" data-element_type=\"widget\" data-widget_type=\"html.default\">\n\t\t\t\t\t<ctv-product data-product-id=\"140780\" data-full=\"true\"><\/ctv-product>\t\t\t\t<\/div>\n\t\t\t\t<\/div>\n\t\t<div class=\"elementor-element elementor-element-a38cb5d e-con-full e-flex e-con e-child\" data-id=\"a38cb5d\" data-element_type=\"container\">\n\t\t\t\t<div class=\"elementor-element elementor-element-1c7e7c6 elementor-widget elementor-widget-html\" data-id=\"1c7e7c6\" data-element_type=\"widget\" data-widget_type=\"html.default\">\n\t\t\t\t\t<ctv-product data-product-id=\"122749\" data-full=\"true\"><\/ctv-product>\t\t\t\t<\/div>\n\t\t\t\t<\/div>\n\t\t<div class=\"elementor-element elementor-element-b87c545 e-con-full e-flex e-con e-child\" data-id=\"b87c545\" data-element_type=\"container\">\n\t\t\t\t<div class=\"elementor-element elementor-element-a8a83a6 elementor-widget elementor-widget-html\" data-id=\"a8a83a6\" data-element_type=\"widget\" data-widget_type=\"html.default\">\n\t\t\t\t\t<ctv-product data-product-id=\"131152\" data-full=\"true\"><\/ctv-product>\t\t\t\t<\/div>\n\t\t\t\t<\/div>\n\t\t<div class=\"elementor-element elementor-element-7af0075 e-con-full e-flex e-con e-child\" data-id=\"7af0075\" data-element_type=\"container\">\n\t\t\t\t<div class=\"elementor-element elementor-element-6e7f8e7 elementor-widget elementor-widget-html\" data-id=\"6e7f8e7\" data-element_type=\"widget\" data-widget_type=\"html.default\">\n\t\t\t\t\t<ctv-product data-product-id=\"112898\" data-full=\"true\"><\/ctv-product>\t\t\t\t<\/div>\n\t\t\t\t<\/div>\n\t\t<div class=\"elementor-element elementor-element-93362e6 e-con-full e-flex e-con e-child\" data-id=\"93362e6\" data-element_type=\"container\">\n\t\t\t\t<div class=\"elementor-element elementor-element-894f9c7 elementor-widget elementor-widget-html\" data-id=\"894f9c7\" data-element_type=\"widget\" data-widget_type=\"html.default\">\n\t\t\t\t\t<ctv-product data-product-id=\"122755\" data-full=\"true\"><\/ctv-product>\t\t\t\t<\/div>\n\t\t\t\t<\/div>\n\t\t\t\t\t<\/div>\n\t\t\t\t<\/div>\n\t\t\t\t<\/div>\n\t\t","protected":false},"excerpt":{"rendered":"<p>Mobilheime \u00dcbernachten Sie in einem Mobilheim mit Meerblick Komfort, Natur und Erholung im Leuchtturm \u00cele Vierge Machen Sie es sich in einem unserer komfortablen Mobilheime gem\u00fctlich und genie\u00dfen Sie einen Aufenthalt in der Bretagne, umgeben von Meer, Natur und Ruhe. Unsere Unterk\u00fcnfte liegen ideal auf unserem Campingplatz gegen\u00fcber dem Leuchtturm \u00cele Vierge und bieten einen [&hellip;]<\/p>\n","protected":false},"author":1,"featured_media":0,"parent":0,"menu_order":0,"comment_status":"closed","ping_status":"closed","template":"","meta":{"footnotes":""},"class_list":["post-1111","page","type-page","status-publish","hentry"],"yoast_head":"<!-- This site is optimized with the Yoast SEO plugin v26.9 - https:\/\/yoast.com\/product\/yoast-seo-wordpress\/ -->\n<title>Mobilheime - CAMPING DU PHARE DE L \u00ceLE VIERGE<\/title>\n<meta name=\"description\" content=\"CAMPING DU PHARE DE L \u00ceLE VIERGE\" \/>\n<meta name=\"robots\" content=\"index, follow, max-snippet:-1, max-image-preview:large, max-video-preview:-1\" \/>\n<link rel=\"canonical\" href=\"https:\/\/www.camping-phare-ile-vierge.com\/mobil-homes\/\" \/>\n<meta property=\"og:locale\" content=\"de_DE\" \/>\n<meta property=\"og:type\" content=\"article\" \/>\n<meta property=\"og:title\" content=\"Mobilheime - CAMPING DU PHARE DE L \u00ceLE VIERGE\" \/>\n<meta property=\"og:description\" content=\"CAMPING DU PHARE DE L \u00ceLE VIERGE\" \/>\n<meta property=\"og:url\" content=\"https:\/\/www.camping-phare-ile-vierge.com\/mobil-homes\/\" \/>\n<meta property=\"og:site_name\" content=\"CAMPING DU PHARE DE L \u00ceLE VIERGE\" \/>\n<meta property=\"article:modified_time\" content=\"2026-02-12T06:07:52+00:00\" \/>\n<meta name=\"twitter:card\" content=\"summary_large_image\" \/>\n<meta name=\"twitter:label1\" content=\"Gesch\u00e4tzte Lesezeit\" \/>\n\t<meta name=\"twitter:data1\" content=\"1\u00a0Minute\" \/>\n<script type=\"application\/ld+json\" class=\"yoast-schema-graph\">{\"@context\":\"https:\/\/schema.org\",\"@graph\":[{\"@type\":\"WebPage\",\"@id\":\"https:\/\/www.camping-phare-ile-vierge.com\/mobil-homes\/\",\"url\":\"https:\/\/www.camping-phare-ile-vierge.com\/mobil-homes\/\",\"name\":\"Mobilheime - CAMPING DU PHARE DE L \u00ceLE VIERGE\",\"isPartOf\":{\"@id\":\"https:\/\/www.camping-phare-ile-vierge.com\/#website\"},\"datePublished\":\"2026-02-04T06:16:07+00:00\",\"dateModified\":\"2026-02-12T06:07:52+00:00\",\"description\":\"CAMPING DU PHARE DE L \u00ceLE VIERGE\",\"breadcrumb\":{\"@id\":\"https:\/\/www.camping-phare-ile-vierge.com\/mobil-homes\/#breadcrumb\"},\"inLanguage\":\"de\",\"potentialAction\":[{\"@type\":\"ReadAction\",\"target\":[\"https:\/\/www.camping-phare-ile-vierge.com\/mobil-homes\/\"]}]},{\"@type\":\"BreadcrumbList\",\"@id\":\"https:\/\/www.camping-phare-ile-vierge.com\/mobil-homes\/#breadcrumb\",\"itemListElement\":[{\"@type\":\"ListItem\",\"position\":1,\"name\":\"Accueil\",\"item\":\"https:\/\/www.camping-phare-ile-vierge.com\/\"},{\"@type\":\"ListItem\",\"position\":2,\"name\":\"Mobilheime\"}]},{\"@type\":\"WebSite\",\"@id\":\"https:\/\/www.camping-phare-ile-vierge.com\/#website\",\"url\":\"https:\/\/www.camping-phare-ile-vierge.com\/\",\"name\":\"CAMPING DU PHARE DE L \u00ceLE VIERGE\",\"description\":\"Camping deux \u00e9toiles \u00e0 Plouguerneau dans le Finist\u00e8re face au Phare de l&#039;ile Vierge  - CAMPING DU PHARE DE L&#039; \u00ceLE VIERGE\",\"publisher\":{\"@id\":\"https:\/\/www.camping-phare-ile-vierge.com\/#organization\"},\"potentialAction\":[{\"@type\":\"SearchAction\",\"target\":{\"@type\":\"EntryPoint\",\"urlTemplate\":\"https:\/\/www.camping-phare-ile-vierge.com\/?s={search_term_string}\"},\"query-input\":{\"@type\":\"PropertyValueSpecification\",\"valueRequired\":true,\"valueName\":\"search_term_string\"}}],\"inLanguage\":\"de\"},{\"@type\":\"Organization\",\"@id\":\"https:\/\/www.camping-phare-ile-vierge.com\/#organization\",\"name\":\"CAMPING DU PHARE DE L \u00ceLE VIERGE\",\"url\":\"https:\/\/www.camping-phare-ile-vierge.com\/\",\"logo\":{\"@type\":\"ImageObject\",\"inLanguage\":\"de\",\"@id\":\"https:\/\/www.camping-phare-ile-vierge.com\/#\/schema\/logo\/image\/\",\"url\":\"https:\/\/www.camping-phare-ile-vierge.com\/wp-content\/uploads\/2026\/01\/logofondblanc-campingduphare-e1769755931772.png\",\"contentUrl\":\"https:\/\/www.camping-phare-ile-vierge.com\/wp-content\/uploads\/2026\/01\/logofondblanc-campingduphare-e1769755931772.png\",\"width\":1240,\"height\":550,\"caption\":\"CAMPING DU PHARE DE L \u00ceLE VIERGE\"},\"image\":{\"@id\":\"https:\/\/www.camping-phare-ile-vierge.com\/#\/schema\/logo\/image\/\"}}]}<\/script>\n<!-- \/ Yoast SEO plugin. -->","yoast_head_json":{"title":"Mobilheime - CAMPING DU PHARE DE L \u00ceLE VIERGE","description":"CAMPING DU PHARE DE L \u00ceLE VIERGE","robots":{"index":"index","follow":"follow","max-snippet":"max-snippet:-1","max-image-preview":"max-image-preview:large","max-video-preview":"max-video-preview:-1"},"canonical":"https:\/\/www.camping-phare-ile-vierge.com\/mobil-homes\/","og_locale":"de_DE","og_type":"article","og_title":"Mobilheime - CAMPING DU PHARE DE L \u00ceLE VIERGE","og_description":"CAMPING DU PHARE DE L \u00ceLE VIERGE","og_url":"https:\/\/www.camping-phare-ile-vierge.com\/mobil-homes\/","og_site_name":"CAMPING DU PHARE DE L \u00ceLE VIERGE","article_modified_time":"2026-02-12T06:07:52+00:00","twitter_card":"summary_large_image","twitter_misc":{"Gesch\u00e4tzte Lesezeit":"1\u00a0Minute"},"schema":{"@context":"https:\/\/schema.org","@graph":[{"@type":"WebPage","@id":"https:\/\/www.camping-phare-ile-vierge.com\/mobil-homes\/","url":"https:\/\/www.camping-phare-ile-vierge.com\/mobil-homes\/","name":"Mobilheime - CAMPING DU PHARE DE L \u00ceLE VIERGE","isPartOf":{"@id":"https:\/\/www.camping-phare-ile-vierge.com\/#website"},"datePublished":"2026-02-04T06:16:07+00:00","dateModified":"2026-02-12T06:07:52+00:00","description":"CAMPING DU PHARE DE L \u00ceLE VIERGE","breadcrumb":{"@id":"https:\/\/www.camping-phare-ile-vierge.com\/mobil-homes\/#breadcrumb"},"inLanguage":"de","potentialAction":[{"@type":"ReadAction","target":["https:\/\/www.camping-phare-ile-vierge.com\/mobil-homes\/"]}]},{"@type":"BreadcrumbList","@id":"https:\/\/www.camping-phare-ile-vierge.com\/mobil-homes\/#breadcrumb","itemListElement":[{"@type":"ListItem","position":1,"name":"Accueil","item":"https:\/\/www.camping-phare-ile-vierge.com\/"},{"@type":"ListItem","position":2,"name":"Mobilheime"}]},{"@type":"WebSite","@id":"https:\/\/www.camping-phare-ile-vierge.com\/#website","url":"https:\/\/www.camping-phare-ile-vierge.com\/","name":"CAMPING DU PHARE DE L \u00ceLE VIERGE","description":"Camping deux \u00e9toiles \u00e0 Plouguerneau dans le Finist\u00e8re face au Phare de l&#039;ile Vierge  - CAMPING DU PHARE DE L&#039; \u00ceLE VIERGE","publisher":{"@id":"https:\/\/www.camping-phare-ile-vierge.com\/#organization"},"potentialAction":[{"@type":"SearchAction","target":{"@type":"EntryPoint","urlTemplate":"https:\/\/www.camping-phare-ile-vierge.com\/?s={search_term_string}"},"query-input":{"@type":"PropertyValueSpecification","valueRequired":true,"valueName":"search_term_string"}}],"inLanguage":"de"},{"@type":"Organization","@id":"https:\/\/www.camping-phare-ile-vierge.com\/#organization","name":"CAMPING DU PHARE DE L \u00ceLE VIERGE","url":"https:\/\/www.camping-phare-ile-vierge.com\/","logo":{"@type":"ImageObject","inLanguage":"de","@id":"https:\/\/www.camping-phare-ile-vierge.com\/#\/schema\/logo\/image\/","url":"https:\/\/www.camping-phare-ile-vierge.com\/wp-content\/uploads\/2026\/01\/logofondblanc-campingduphare-e1769755931772.png","contentUrl":"https:\/\/www.camping-phare-ile-vierge.com\/wp-content\/uploads\/2026\/01\/logofondblanc-campingduphare-e1769755931772.png","width":1240,"height":550,"caption":"CAMPING DU PHARE DE L \u00ceLE VIERGE"},"image":{"@id":"https:\/\/www.camping-phare-ile-vierge.com\/#\/schema\/logo\/image\/"}}]}},"_links":{"self":[{"href":"https:\/\/www.camping-phare-ile-vierge.com\/de\/wp-json\/wp\/v2\/pages\/1111","targetHints":{"allow":["GET"]}}],"collection":[{"href":"https:\/\/www.camping-phare-ile-vierge.com\/de\/wp-json\/wp\/v2\/pages"}],"about":[{"href":"https:\/\/www.camping-phare-ile-vierge.com\/de\/wp-json\/wp\/v2\/types\/page"}],"author":[{"embeddable":true,"href":"https:\/\/www.camping-phare-ile-vierge.com\/de\/wp-json\/wp\/v2\/users\/1"}],"replies":[{"embeddable":true,"href":"https:\/\/www.camping-phare-ile-vierge.com\/de\/wp-json\/wp\/v2\/comments?post=1111"}],"version-history":[{"count":1,"href":"https:\/\/www.camping-phare-ile-vierge.com\/de\/wp-json\/wp\/v2\/pages\/1111\/revisions"}],"predecessor-version":[{"id":1112,"href":"https:\/\/www.camping-phare-ile-vierge.com\/de\/wp-json\/wp\/v2\/pages\/1111\/revisions\/1112"}],"wp:attachment":[{"href":"https:\/\/www.camping-phare-ile-vierge.com\/de\/wp-json\/wp\/v2\/media?parent=1111"}],"curies":[{"name":"wp","href":"https:\/\/api.w.org\/{rel}","templated":true}]}}