{"id":1214,"date":"2026-02-12T15:32:58","date_gmt":"2026-02-12T14:32:58","guid":{"rendered":"https:\/\/www.camping-phare-ile-vierge.com\/mentions-legales\/"},"modified":"2026-02-15T08:12:42","modified_gmt":"2026-02-15T07:12:42","slug":"mentions-legales","status":"publish","type":"page","link":"https:\/\/www.camping-phare-ile-vierge.com\/de\/mentions-legales\/","title":{"rendered":"Rechtlicher Hinweis"},"content":{"rendered":"\t\t<div data-elementor-type=\"wp-page\" data-elementor-id=\"1214\" class=\"elementor elementor-1214 elementor-1205\" data-elementor-post-type=\"page\">\n\t\t\t\t<div class=\"elementor-element elementor-element-aecccfe e-con-full e-flex e-con e-parent\" data-id=\"aecccfe\" data-element_type=\"container\" data-settings=\"{&quot;background_background&quot;:&quot;classic&quot;}\">\n\t\t<div class=\"elementor-element elementor-element-ad7cea1 e-flex e-con-boxed e-con e-child\" data-id=\"ad7cea1\" data-element_type=\"container\">\n\t\t\t\t\t<div class=\"e-con-inner\">\n\t\t\t\t<div class=\"elementor-element elementor-element-776930f elementor-widget elementor-widget-theme-site-logo elementor-widget-image\" data-id=\"776930f\" data-element_type=\"widget\" data-widget_type=\"theme-site-logo.default\">\n\t\t\t\t\t\t\t\t\t\t\t<a href=\"https:\/\/www.camping-phare-ile-vierge.com\/de\/\">\n\t\t\t<img fetchpriority=\"high\" decoding=\"async\" width=\"1240\" height=\"550\" src=\"https:\/\/www.camping-phare-ile-vierge.com\/wp-content\/uploads\/2026\/01\/logofondblanc-campingduphare-e1769755931772.png\" class=\"attachment-full size-full wp-image-29\" alt=\"\" srcset=\"https:\/\/www.camping-phare-ile-vierge.com\/wp-content\/uploads\/2026\/01\/logofondblanc-campingduphare-e1769755931772.png 1240w, https:\/\/www.camping-phare-ile-vierge.com\/wp-content\/uploads\/2026\/01\/logofondblanc-campingduphare-e1769755931772-300x133.png 300w, https:\/\/www.camping-phare-ile-vierge.com\/wp-content\/uploads\/2026\/01\/logofondblanc-campingduphare-e1769755931772-1024x454.png 1024w, https:\/\/www.camping-phare-ile-vierge.com\/wp-content\/uploads\/2026\/01\/logofondblanc-campingduphare-e1769755931772-768x341.png 768w\" sizes=\"(max-width: 1240px) 100vw, 1240px\" \/>\t\t\t\t<\/a>\n\t\t\t\t\t\t\t\t\t\t\t<\/div>\n\t\t\t\t\t<\/div>\n\t\t\t\t<\/div>\n\t\t<div class=\"elementor-element elementor-element-90e5e67 e-flex e-con-boxed e-con e-child\" data-id=\"90e5e67\" data-element_type=\"container\" data-settings=\"{&quot;position&quot;:&quot;absolute&quot;}\">\n\t\t\t\t\t<div class=\"e-con-inner\">\n\t\t\t\t<div class=\"elementor-element elementor-element-880a70e elementor-widget elementor-widget-heading\" data-id=\"880a70e\" data-element_type=\"widget\" data-widget_type=\"heading.default\">\n\t\t\t\t\t<div class=\"elementor-heading-title elementor-size-default\">Rechtlicher Hinweis<\/div>\t\t\t\t<\/div>\n\t\t\t\t\t<\/div>\n\t\t\t\t<\/div>\n\t\t\t\t<\/div>\n\t\t<div class=\"elementor-element elementor-element-357fd9cb e-flex e-con-boxed e-con e-parent\" data-id=\"357fd9cb\" data-element_type=\"container\">\n\t\t\t\t\t<div class=\"e-con-inner\">\n\t\t\t\t<div class=\"elementor-element elementor-element-71bf1e3c elementor-widget elementor-widget-text-editor\" data-id=\"71bf1e3c\" data-element_type=\"widget\" data-widget_type=\"text-editor.default\">\n\t\t\t\t\t\t\t\t\t\n<p><strong>Camping du Phare de l\u2019\u00eele Vierge<\/strong><br><br><strong>Adresse<\/strong>: 466 Meledan, 29880 Plouguerneau<br><strong>Tel:<\/strong> 02 98 37 10 19<br>E-Mail: camping.phare.ile.vierge@gmail.com<br><strong>SIRET:<\/strong> 754 025 062 000 11<br><strong>RCS:<\/strong> RCS de Brest sous le num\u00e9ro 754025062<br><strong>TVA :<\/strong> FR84754025062<br><br>Le site camping-phare-ile-vierge.com est h\u00e9berg\u00e9 par la soci\u00e9t\u00e9 <strong>OVH<\/strong>.<br><br><strong>FRANCECOM, Web Agency<\/strong><br>8 rue des Bruy\u00e8res, b\u00e2timent B, 44400 Rez\u00e9<br><strong>T\u00e9l<\/strong> : 02 51 80 88 88<br><strong>Fax<\/strong> : 02 51 80 88 87<br><strong>Web<\/strong> : <a href=\"https:\/\/francecom.fr\/\" target=\"_blank\" rel=\"noreferrer noopener\">https:\/\/francecom.fr\/<\/a><br>RCS : Nantes B 410 557 151<br>SIRET : 41055715100041<br><br>La consultation du site camping-phare-ile-vierge.com est subordonn\u00e9e \u00e0 l\u2019acceptation int\u00e9grale et au respect par les internautes, des conditions d\u2019utilisation suivantes.<br><br>L\u2019internaute s\u2019engage d\u2019ores et d\u00e9j\u00e0 \u00e0 faire des informations contenues sur le site un usage personnel et non commercial. En cas de non-respect des dispositions de la pr\u00e9sente Charte, par l\u2019internaute, sa responsabilit\u00e9 civile et\/ou p\u00e9nale pourrait se voir engag\u00e9e. <br><br><strong>Contenu du site<\/strong><br>Le site est exploit\u00e9 par la soci\u00e9t\u00e9 <strong>Camping du Phare de l\u2019\u00eele Vierge<\/strong>.<br>Le site pr\u00e9sente les activit\u00e9s de la soci\u00e9t\u00e9 <strong>Camping du Phare de l\u2019\u00eele Vierge<\/strong>.<br><br><strong>Propri\u00e9t\u00e9 Intellectuelle<\/strong><br>Le site camping-phare-ile-vierge.com constitue une \u0153uvre dont <strong>Francecom<\/strong> est l\u2019auteur au sens des articles L111.1 et suivants du Code de propri\u00e9t\u00e9 intellectuelle.<br><br>De mani\u00e8re g\u00e9n\u00e9rale, les donn\u00e9es, les programmes, les \u00e9chantillons musicaux, les textes, les informations, les logos, les identit\u00e9s visuelles, les images anim\u00e9es ou non et leurs mises en forme apparaissant sur le site camping-phare-ile-vierge.com sont la propri\u00e9t\u00e9 de <strong>Francecom<\/strong> (hors photos appartenant \u00e0 la soci\u00e9t\u00e9 <strong>Camping du Phare de l\u2019\u00eele Vierge<\/strong> et textes r\u00e9dig\u00e9s par la soci\u00e9t\u00e9 <strong>Camping du Phare de l\u2019\u00eele Vierge<\/strong>) et sont prot\u00e9g\u00e9es \u00e0 ce titre par les dispositions du Code de la propri\u00e9t\u00e9 intellectuelle.<br><br>Tout internaute s\u2019engage \u00e0 ne pas les utiliser et \u00e0 ne permettre \u00e0 quiconque d\u2019utiliser ces contenus \u00e0 des fins ill\u00e9gales.<br><br>Toute repr\u00e9sentation ou reproduction, totale ou partielle, permanente ou temporaire, sur un support informatique et\/ou papier, et par quelque proc\u00e9d\u00e9 que ce soit (notamment par voie de framing*), de l\u2019un ou l\u2019autre des \u00e9l\u00e9ments du site camping-phare-ile-vierge.com ou des services propos\u00e9s \u00e0 la vente, sans l\u2019accord pr\u00e9alable et expr\u00e8s de <strong>Francecom<\/strong> est interdite, et constitue un acte de contrefa\u00e7on, qui pourra entra\u00eener des condamnations civiles et\/ou p\u00e9nales. Seule l\u2019impression papier est autoris\u00e9e aux fins de copie priv\u00e9e \u00e0 l\u2019usage exclusif du copiste au sens de l\u2019article L122-5 2\u00b0 du Code de propri\u00e9t\u00e9 intellectuelle. <br><br>Aucun lien hypertexte vers le site camping-phare-ile-vierge.com ne peut \u00eatre install\u00e9 sans l\u2019accord pr\u00e9alable et expr\u00e8s de <strong>Francecom<\/strong>.<br><br>*L\u2019action de capter le contenu de pages d\u2019un site Internet pour le transf\u00e9rer sur son propre site Internet par le biais d\u2019un lien hypertexte, en faisant appara\u00eetre le dit contenu comme le sien.<br><br><strong>Cr\u00e9dits photos<\/strong><br>Photos non contractuelles.<\/p>\n\n\n\n<p><strong>Responsabilit\u00e9<\/strong><br>La soci\u00e9t\u00e9<strong>&nbsp;Camping du Phare de l\u2019\u00eele Vierge<\/strong>&nbsp;d\u00e9cline toute responsabilit\u00e9 quant aux \u00e9ventuels dysfonctionnements pouvant survenir sur le site camping-phare-ile-vierge.com et entra\u00eener une perte de donn\u00e9es ou une indisponibilit\u00e9 de l\u2019acc\u00e8s aux informations produites sur celui-ci.<br><br>Les \u00e9l\u00e9ments pr\u00e9sent\u00e9s sur le site camping-phare-ile-vierge.com sont susceptibles de modification sans pr\u00e9avis et sont mis \u00e0 la disposition des internautes, sans aucune garantie d\u2019aucune sorte, expresse ou tacite.<br><br>La pr\u00e9sence de liens hypertextes pr\u00e9sents sur le site camping-phare-ile-vierge.com \u2013 Quel que soit l\u2019existence pr\u00e9alable ou non de l\u2019accord de la soci\u00e9t\u00e9&nbsp;<strong>Camping du Phare de l\u2019\u00eele Vierge<\/strong>&nbsp;\u2013 ne cr\u00e9e pas une solidarit\u00e9 de responsabilit\u00e9 entre celle-ci et les propri\u00e9taires des autres sites, quant au contenu des sites sur lesquels est redirig\u00e9 l\u2019internaute.<br><br>La soci\u00e9t\u00e9&nbsp;<strong>Camping du Phare de l\u2019\u00eele Vierge<\/strong>&nbsp;ne peut garantir l\u2019exhaustivit\u00e9 et la v\u00e9racit\u00e9 des informations pr\u00e9sentes sur le site camping-phare-ile-vierge.com. De la m\u00eame mani\u00e8re, il ne peut garantir l\u2019absence de modification par un tiers (intrusion, virus). <br><br>En outre, l\u2019internaute est seul responsable de l\u2019utilisation qu\u2019il fait du contenu du site camping-phare-ile-vierge.com. Sauf faute grave exclusive de la soci\u00e9t\u00e9 &nbsp;<strong>Camping du Phare de l\u2019\u00eele Vierge<\/strong>, sa responsabilit\u00e9 ne peut \u00eatre engag\u00e9e pour des dommages directs et indirects li\u00e9s \u00e0 l\u2019utilisation des informations produites sur le site camping-phare-ile-vierge.com.<br><br><strong>Loi applicable et Comp\u00e9tence judiciaire<\/strong><br>L\u2019ensemble des informations diffus\u00e9 sur le site camping-phare-ile-vierge.com et l\u2019utilisation qui en est faite sont soumis exclusivement au droit fran\u00e7ais. Seuls les tribunaux relevant du ressort de la<strong>&nbsp;Cour d\u2019Appel de Rennes :<\/strong>&nbsp;sont comp\u00e9tents pour conna\u00eetre des \u00e9ventuels litiges li\u00e9s \u00e0 l\u2019utilisation du site camping-phare-ile-vierge.com. <br><br><strong>CM2C<\/strong><br>14 rue Saint Jean<br>75017 Paris<br><a href=\"https:\/\/www.cm2c.net\/\" target=\"_blank\" rel=\"noreferrer noopener\">cm2c.net<\/a><br><a href=\"mailto:cm2c@cm2c.net\">cm2c@cm2c.net<\/a><br><br><strong>Condition g\u00e9n\u00e9rales de ventes<\/strong><br>Le site camping-phare-ile-vierge.com ne permet pas d\u2019effectuer d\u2019achat sur le site. Les Conditions G\u00e9n\u00e9rales de Ventes sont disponibles dans la rubrique Documents \u00e0 t\u00e9l\u00e9charger, ou sur demande \u00e0 l\u2019adresse <strong>&nbsp;camping.phare.ile.vierge@gmail.com<\/strong> <br><br><strong>Informations relatives aux cookies sur notre site<\/strong><br>L\u2019information d\u00e9taill\u00e9e des cookies et leurs gestions sur le site sont disponibles ici :&nbsp;<a href=\"https:\/\/www.camping-phare-ile-vierge.com\/de\/cookie-richtlinie-eu\/\">Politique de cookies (EU)<\/a><br><br>Vous pouvez en savoir plus sur l\u2019utilisation des cookies en consultant le site de la CNIL :&nbsp;<a href=\"https:\/\/www.cnil.fr\/fr\/cookies-et-autres-traceurs\/comment-se-proteger\/maitriser-votre-navigateur\" target=\"_blank\" rel=\"noreferrer noopener\">cnil.fr<\/a><br><br><strong>Informations relatives \u00e0 la politique de confidentialit\u00e9 et \u00e0 la gestion des donn\u00e9es personnelles :<\/strong><br>Informations d\u00e9taill\u00e9es de la <a href=\"https:\/\/www.camping-phare-ile-vierge.com\/de\/privacy-policy\/\">politique de confidentialit\u00e9<\/a><\/p>\n\n\n\n<p><\/p>\n\t\t\t\t\t\t\t\t<\/div>\n\t\t\t\t\t<\/div>\n\t\t\t\t<\/div>\n\t\t\t\t<\/div>\n\t\t","protected":false},"excerpt":{"rendered":"<p>Camping du Phare de l\u2019\u00eele Vierge Adresse: 466 Meledan, 29880 PlouguerneauTel: 02 98 37 10 19E-Mail: camping.phare.ile.vierge@gmail.comSIRET: 754 025 062 000 11RCS: RCS de Brest sous le num\u00e9ro 754025062TVA : FR84754025062 Le site camping-phare-ile-vierge.com est h\u00e9berg\u00e9 par la soci\u00e9t\u00e9 OVH. FRANCECOM, Web Agency8 rue des Bruy\u00e8res, b\u00e2timent B, 44400 Rez\u00e9T\u00e9l : 02 51 80 88 [&hellip;]<\/p>\n","protected":false},"author":1,"featured_media":0,"parent":0,"menu_order":0,"comment_status":"closed","ping_status":"closed","template":"","meta":{"footnotes":""},"class_list":["post-1214","page","type-page","status-publish","hentry"],"yoast_head":"<!-- This site is optimized with the Yoast SEO plugin v26.9 - https:\/\/yoast.com\/product\/yoast-seo-wordpress\/ -->\n<title>Rechtlicher Hinweis - CAMPING DU PHARE DE L \u00ceLE VIERGE<\/title>\n<meta name=\"description\" content=\"CAMPING DU PHARE DE L \u00ceLE VIERGE\" \/>\n<meta name=\"robots\" content=\"index, follow, max-snippet:-1, max-image-preview:large, max-video-preview:-1\" \/>\n<link rel=\"canonical\" href=\"https:\/\/www.camping-phare-ile-vierge.com\/de\/mentions-legales\/\" \/>\n<meta property=\"og:locale\" content=\"de_DE\" \/>\n<meta property=\"og:type\" content=\"article\" \/>\n<meta property=\"og:title\" content=\"Rechtlicher Hinweis - CAMPING DU PHARE DE L \u00ceLE VIERGE\" \/>\n<meta property=\"og:description\" content=\"CAMPING DU PHARE DE L \u00ceLE VIERGE\" \/>\n<meta property=\"og:url\" content=\"https:\/\/www.camping-phare-ile-vierge.com\/de\/mentions-legales\/\" \/>\n<meta property=\"og:site_name\" content=\"CAMPING DU PHARE DE L \u00ceLE VIERGE\" \/>\n<meta property=\"article:modified_time\" content=\"2026-02-15T07:12:42+00:00\" \/>\n<meta name=\"twitter:card\" content=\"summary_large_image\" \/>\n<meta name=\"twitter:label1\" content=\"Gesch\u00e4tzte Lesezeit\" \/>\n\t<meta name=\"twitter:data1\" content=\"5\u00a0Minuten\" \/>\n<script type=\"application\/ld+json\" class=\"yoast-schema-graph\">{\"@context\":\"https:\/\/schema.org\",\"@graph\":[{\"@type\":\"WebPage\",\"@id\":\"https:\/\/www.camping-phare-ile-vierge.com\/de\/mentions-legales\/\",\"url\":\"https:\/\/www.camping-phare-ile-vierge.com\/de\/mentions-legales\/\",\"name\":\"Rechtlicher Hinweis - CAMPING DU PHARE DE L \u00ceLE VIERGE\",\"isPartOf\":{\"@id\":\"https:\/\/www.camping-phare-ile-vierge.com\/#website\"},\"datePublished\":\"2026-02-12T14:32:58+00:00\",\"dateModified\":\"2026-02-15T07:12:42+00:00\",\"description\":\"CAMPING DU PHARE DE L \u00ceLE VIERGE\",\"breadcrumb\":{\"@id\":\"https:\/\/www.camping-phare-ile-vierge.com\/de\/mentions-legales\/#breadcrumb\"},\"inLanguage\":\"de\",\"potentialAction\":[{\"@type\":\"ReadAction\",\"target\":[\"https:\/\/www.camping-phare-ile-vierge.com\/de\/mentions-legales\/\"]}]},{\"@type\":\"BreadcrumbList\",\"@id\":\"https:\/\/www.camping-phare-ile-vierge.com\/de\/mentions-legales\/#breadcrumb\",\"itemListElement\":[{\"@type\":\"ListItem\",\"position\":1,\"name\":\"Accueil\",\"item\":\"https:\/\/www.camping-phare-ile-vierge.com\/\"},{\"@type\":\"ListItem\",\"position\":2,\"name\":\"Rechtlicher Hinweis\"}]},{\"@type\":\"WebSite\",\"@id\":\"https:\/\/www.camping-phare-ile-vierge.com\/#website\",\"url\":\"https:\/\/www.camping-phare-ile-vierge.com\/\",\"name\":\"CAMPING DU PHARE DE L \u00ceLE VIERGE\",\"description\":\"Camping deux \u00e9toiles \u00e0 Plouguerneau dans le Finist\u00e8re face au Phare de l&#039;ile Vierge  - CAMPING DU PHARE DE L&#039; \u00ceLE VIERGE\",\"publisher\":{\"@id\":\"https:\/\/www.camping-phare-ile-vierge.com\/#organization\"},\"potentialAction\":[{\"@type\":\"SearchAction\",\"target\":{\"@type\":\"EntryPoint\",\"urlTemplate\":\"https:\/\/www.camping-phare-ile-vierge.com\/?s={search_term_string}\"},\"query-input\":{\"@type\":\"PropertyValueSpecification\",\"valueRequired\":true,\"valueName\":\"search_term_string\"}}],\"inLanguage\":\"de\"},{\"@type\":\"Organization\",\"@id\":\"https:\/\/www.camping-phare-ile-vierge.com\/#organization\",\"name\":\"CAMPING DU PHARE DE L \u00ceLE VIERGE\",\"url\":\"https:\/\/www.camping-phare-ile-vierge.com\/\",\"logo\":{\"@type\":\"ImageObject\",\"inLanguage\":\"de\",\"@id\":\"https:\/\/www.camping-phare-ile-vierge.com\/#\/schema\/logo\/image\/\",\"url\":\"https:\/\/www.camping-phare-ile-vierge.com\/wp-content\/uploads\/2026\/01\/logofondblanc-campingduphare-e1769755931772.png\",\"contentUrl\":\"https:\/\/www.camping-phare-ile-vierge.com\/wp-content\/uploads\/2026\/01\/logofondblanc-campingduphare-e1769755931772.png\",\"width\":1240,\"height\":550,\"caption\":\"CAMPING DU PHARE DE L \u00ceLE VIERGE\"},\"image\":{\"@id\":\"https:\/\/www.camping-phare-ile-vierge.com\/#\/schema\/logo\/image\/\"}}]}<\/script>\n<!-- \/ Yoast SEO plugin. -->","yoast_head_json":{"title":"Rechtlicher Hinweis - CAMPING DU PHARE DE L \u00ceLE VIERGE","description":"CAMPING DU PHARE DE L \u00ceLE VIERGE","robots":{"index":"index","follow":"follow","max-snippet":"max-snippet:-1","max-image-preview":"max-image-preview:large","max-video-preview":"max-video-preview:-1"},"canonical":"https:\/\/www.camping-phare-ile-vierge.com\/de\/mentions-legales\/","og_locale":"de_DE","og_type":"article","og_title":"Rechtlicher Hinweis - CAMPING DU PHARE DE L \u00ceLE VIERGE","og_description":"CAMPING DU PHARE DE L \u00ceLE VIERGE","og_url":"https:\/\/www.camping-phare-ile-vierge.com\/de\/mentions-legales\/","og_site_name":"CAMPING DU PHARE DE L \u00ceLE VIERGE","article_modified_time":"2026-02-15T07:12:42+00:00","twitter_card":"summary_large_image","twitter_misc":{"Gesch\u00e4tzte Lesezeit":"5\u00a0Minuten"},"schema":{"@context":"https:\/\/schema.org","@graph":[{"@type":"WebPage","@id":"https:\/\/www.camping-phare-ile-vierge.com\/de\/mentions-legales\/","url":"https:\/\/www.camping-phare-ile-vierge.com\/de\/mentions-legales\/","name":"Rechtlicher Hinweis - CAMPING DU PHARE DE L \u00ceLE VIERGE","isPartOf":{"@id":"https:\/\/www.camping-phare-ile-vierge.com\/#website"},"datePublished":"2026-02-12T14:32:58+00:00","dateModified":"2026-02-15T07:12:42+00:00","description":"CAMPING DU PHARE DE L \u00ceLE VIERGE","breadcrumb":{"@id":"https:\/\/www.camping-phare-ile-vierge.com\/de\/mentions-legales\/#breadcrumb"},"inLanguage":"de","potentialAction":[{"@type":"ReadAction","target":["https:\/\/www.camping-phare-ile-vierge.com\/de\/mentions-legales\/"]}]},{"@type":"BreadcrumbList","@id":"https:\/\/www.camping-phare-ile-vierge.com\/de\/mentions-legales\/#breadcrumb","itemListElement":[{"@type":"ListItem","position":1,"name":"Accueil","item":"https:\/\/www.camping-phare-ile-vierge.com\/"},{"@type":"ListItem","position":2,"name":"Rechtlicher Hinweis"}]},{"@type":"WebSite","@id":"https:\/\/www.camping-phare-ile-vierge.com\/#website","url":"https:\/\/www.camping-phare-ile-vierge.com\/","name":"CAMPING DU PHARE DE L \u00ceLE VIERGE","description":"Camping deux \u00e9toiles \u00e0 Plouguerneau dans le Finist\u00e8re face au Phare de l&#039;ile Vierge  - CAMPING DU PHARE DE L&#039; \u00ceLE VIERGE","publisher":{"@id":"https:\/\/www.camping-phare-ile-vierge.com\/#organization"},"potentialAction":[{"@type":"SearchAction","target":{"@type":"EntryPoint","urlTemplate":"https:\/\/www.camping-phare-ile-vierge.com\/?s={search_term_string}"},"query-input":{"@type":"PropertyValueSpecification","valueRequired":true,"valueName":"search_term_string"}}],"inLanguage":"de"},{"@type":"Organization","@id":"https:\/\/www.camping-phare-ile-vierge.com\/#organization","name":"CAMPING DU PHARE DE L \u00ceLE VIERGE","url":"https:\/\/www.camping-phare-ile-vierge.com\/","logo":{"@type":"ImageObject","inLanguage":"de","@id":"https:\/\/www.camping-phare-ile-vierge.com\/#\/schema\/logo\/image\/","url":"https:\/\/www.camping-phare-ile-vierge.com\/wp-content\/uploads\/2026\/01\/logofondblanc-campingduphare-e1769755931772.png","contentUrl":"https:\/\/www.camping-phare-ile-vierge.com\/wp-content\/uploads\/2026\/01\/logofondblanc-campingduphare-e1769755931772.png","width":1240,"height":550,"caption":"CAMPING DU PHARE DE L \u00ceLE VIERGE"},"image":{"@id":"https:\/\/www.camping-phare-ile-vierge.com\/#\/schema\/logo\/image\/"}}]}},"_links":{"self":[{"href":"https:\/\/www.camping-phare-ile-vierge.com\/de\/wp-json\/wp\/v2\/pages\/1214","targetHints":{"allow":["GET"]}}],"collection":[{"href":"https:\/\/www.camping-phare-ile-vierge.com\/de\/wp-json\/wp\/v2\/pages"}],"about":[{"href":"https:\/\/www.camping-phare-ile-vierge.com\/de\/wp-json\/wp\/v2\/types\/page"}],"author":[{"embeddable":true,"href":"https:\/\/www.camping-phare-ile-vierge.com\/de\/wp-json\/wp\/v2\/users\/1"}],"replies":[{"embeddable":true,"href":"https:\/\/www.camping-phare-ile-vierge.com\/de\/wp-json\/wp\/v2\/comments?post=1214"}],"version-history":[{"count":6,"href":"https:\/\/www.camping-phare-ile-vierge.com\/de\/wp-json\/wp\/v2\/pages\/1214\/revisions"}],"predecessor-version":[{"id":1300,"href":"https:\/\/www.camping-phare-ile-vierge.com\/de\/wp-json\/wp\/v2\/pages\/1214\/revisions\/1300"}],"wp:attachment":[{"href":"https:\/\/www.camping-phare-ile-vierge.com\/de\/wp-json\/wp\/v2\/media?parent=1214"}],"curies":[{"name":"wp","href":"https:\/\/api.w.org\/{rel}","templated":true}]}}