{"id":1224,"date":"2026-01-29T19:20:40","date_gmt":"2026-01-29T18:20:40","guid":{"rendered":"https:\/\/www.camping-phare-ile-vierge.com\/privacy-policy\/"},"modified":"2026-02-15T08:13:58","modified_gmt":"2026-02-15T07:13:58","slug":"privacy-policy","status":"publish","type":"page","link":"https:\/\/www.camping-phare-ile-vierge.com\/de\/privacy-policy\/","title":{"rendered":"Datenschutzrichtlinie"},"content":{"rendered":"\t\t<div data-elementor-type=\"wp-page\" data-elementor-id=\"1224\" class=\"elementor elementor-1224 elementor-3\" data-elementor-post-type=\"page\">\n\t\t\t\t<div class=\"elementor-element elementor-element-25ad043 e-con-full e-flex e-con e-parent\" data-id=\"25ad043\" data-element_type=\"container\" data-settings=\"{&quot;background_background&quot;:&quot;classic&quot;}\">\n\t\t<div class=\"elementor-element elementor-element-8186d7e e-flex e-con-boxed e-con e-child\" data-id=\"8186d7e\" data-element_type=\"container\">\n\t\t\t\t\t<div class=\"e-con-inner\">\n\t\t\t\t<div class=\"elementor-element elementor-element-2e6b184 elementor-widget elementor-widget-theme-site-logo elementor-widget-image\" data-id=\"2e6b184\" data-element_type=\"widget\" data-widget_type=\"theme-site-logo.default\">\n\t\t\t\t\t\t\t\t\t\t\t<a href=\"https:\/\/www.camping-phare-ile-vierge.com\/de\/\">\n\t\t\t<img fetchpriority=\"high\" decoding=\"async\" width=\"1240\" height=\"550\" src=\"https:\/\/www.camping-phare-ile-vierge.com\/wp-content\/uploads\/2026\/01\/logofondblanc-campingduphare-e1769755931772.png\" class=\"attachment-full size-full wp-image-29\" alt=\"\" srcset=\"https:\/\/www.camping-phare-ile-vierge.com\/wp-content\/uploads\/2026\/01\/logofondblanc-campingduphare-e1769755931772.png 1240w, https:\/\/www.camping-phare-ile-vierge.com\/wp-content\/uploads\/2026\/01\/logofondblanc-campingduphare-e1769755931772-300x133.png 300w, https:\/\/www.camping-phare-ile-vierge.com\/wp-content\/uploads\/2026\/01\/logofondblanc-campingduphare-e1769755931772-1024x454.png 1024w, https:\/\/www.camping-phare-ile-vierge.com\/wp-content\/uploads\/2026\/01\/logofondblanc-campingduphare-e1769755931772-768x341.png 768w\" sizes=\"(max-width: 1240px) 100vw, 1240px\" \/>\t\t\t\t<\/a>\n\t\t\t\t\t\t\t\t\t\t\t<\/div>\n\t\t\t\t\t<\/div>\n\t\t\t\t<\/div>\n\t\t<div class=\"elementor-element elementor-element-4d4c4bc e-flex e-con-boxed e-con e-child\" data-id=\"4d4c4bc\" data-element_type=\"container\" data-settings=\"{&quot;position&quot;:&quot;absolute&quot;}\">\n\t\t\t\t\t<div class=\"e-con-inner\">\n\t\t\t\t<div class=\"elementor-element elementor-element-ff5d6ec elementor-widget elementor-widget-heading\" data-id=\"ff5d6ec\" data-element_type=\"widget\" data-widget_type=\"heading.default\">\n\t\t\t\t\t<div class=\"elementor-heading-title elementor-size-default\">Datenschutzrichtlinie<\/div>\t\t\t\t<\/div>\n\t\t\t\t\t<\/div>\n\t\t\t\t<\/div>\n\t\t\t\t<\/div>\n\t\t<div class=\"elementor-element elementor-element-6295d1e e-flex e-con-boxed e-con e-parent\" data-id=\"6295d1e\" data-element_type=\"container\">\n\t\t\t\t\t<div class=\"e-con-inner\">\n\t\t\t\t<div class=\"elementor-element elementor-element-2e559a2a elementor-widget elementor-widget-text-editor\" data-id=\"2e559a2a\" data-element_type=\"widget\" data-widget_type=\"text-editor.default\">\n\t\t\t\t\t\t\t\t\t<p><strong>Collecte de l\u2019information<\/strong><\/p>\n<p>Nous recueillons des informations lorsque vous naviguez sur le site, lorsque vous passez une commande et lorsque vous remplissez l\u2019un des formulaires.<\/p>\n<p>En outre, nous recevons et enregistrons automatiquement des informations \u00e0 partir de votre ordinateur et navigateur, comme :<\/p>\n<ul>\n<li>votre adresse IP<\/li>\n<li>le type de mat\u00e9riel et de navigateur utilis\u00e9s<\/li>\n<li>la\/les page(s) que vous consultez<\/li>\n<\/ul>\n<p> <\/p>\n<p><strong>Utilisation des informations<\/strong><\/p>\n<p>Toute les informations que nous recueillons peuvent \u00eatre utilis\u00e9es pour :<\/p>\n<ul>\n<li>Personnaliser votre exp\u00e9rience et r\u00e9pondre \u00e0 vos besoins individuels<\/li>\n<li>Fournir un contenu publicitaire personnalis\u00e9<\/li>\n<li>Am\u00e9liorer notre site Web<\/li>\n<li>Am\u00e9liorer le service client et vos besoins de prise en charge<\/li>\n<li>Vous contacter par email<\/li>\n<li>Administrer un concours, une promotion, ou une enqu\u00eate<\/li>\n<\/ul>\n<p> <\/p>\n<p><strong>Divulgation \u00e0 des tiers<\/strong><\/p>\n<p>Nous ne vendons, n\u2019\u00e9changeons et ne transf\u00e9rons pas vos informations personnelles identifiables \u00e0 des tiers. Cela ne comprend pas les tierces parties de confiance qui nous aident \u00e0 exploiter notre site Web, tant que ces parties conviennent de garder ces informations confidentielles.<\/p>\n<p>Les informations non-priv\u00e9es, cependant, peuvent \u00eatre fournies \u00e0 d\u2019autres parties pour le marketing, la publicit\u00e9, ou d\u2019autres utilisations.<\/p>\n<p><strong>Informations relatives aux cookies sur notre site<\/strong><\/p>\n<p>L\u2019information d\u00e9taill\u00e9e des cookies et leurs gestions sur le site sont disponibles ici : <a href=\"https:\/\/www.camping-lamarzelle.com\/politique-de-cookies-ue\/\">Politique de cookies (EU)<\/a><\/p>\n<p><strong>Protection des informations<\/strong> <strong>et donn\u00e9es personnelles<\/strong><\/p>\n<p>L\u2019internaute peut \u00eatre amen\u00e9 \u00e0 d\u00e9poser certaines donn\u00e9es personnelles en r\u00e9pondant aux formulaires qui lui sont propos\u00e9s. La saisie de ces donn\u00e9es est n\u00e9cessaire au traitement de la demande de l\u2019internaute.<\/p>\n<p><strong>Camping du Phare de l\u2019\u00eele Vierge<\/strong> s\u2019engage \u00e0 respecter les dispositions de la loi n\u00b078-17 du 6 janvier 1978 relative \u00e0 l\u2019informatique, aux fichiers et aux libert\u00e9s modifi\u00e9e et prendre toute pr\u00e9caution n\u00e9cessaire pour pr\u00e9server la s\u00e9curit\u00e9 des informations nominatives confi\u00e9es. Aucune information \u00e0 caract\u00e8re personnel ne sera communiqu\u00e9e \u00e0 des soci\u00e9t\u00e9s tierces sans l\u2019accord pr\u00e9alable et \u00e9clair\u00e9 de l\u2019internaute.<\/p>\n<p><strong>Francecom<\/strong> met en \u0153uvre une vari\u00e9t\u00e9 de mesures de s\u00e9curit\u00e9 pour pr\u00e9server la s\u00e9curit\u00e9 de vos informations personnelles :<\/p>\n<ul>\n<li>Protocole SSL<\/li>\n<li>Gestion des acc\u00e8s par login\/mot de passe<\/li>\n<li>Logiciels de surveillance r\u00e9seau<\/li>\n<li>Sauvegardes informatiques multiples<\/li>\n<li>Pare-feu<\/li>\n<\/ul>\n<p>Nous prot\u00e9geons \u00e9galement vos informations hors ligne. Seuls les employ\u00e9s qui ont besoin d\u2019effectuer un travail sp\u00e9cifique (par exemple, la facturation ou le service \u00e0 la client\u00e8le) ont acc\u00e8s aux informations personnelles identifiables. Les ordinateurs et serveurs utilis\u00e9s pour stocker des informations personnelles identifiables sont conserv\u00e9s dans un environnement s\u00e9curis\u00e9.<\/p>\n<p><strong>Droit d\u2019acc\u00e8s, de modification et de suppression de vos donn\u00e9es<\/strong><\/p>\n<p>Nous nous engageons \u00e0 vous offrir un droit d\u2019opposition et de retrait quant \u00e0 vos renseignements personnels. Le droit d\u2019opposition s\u2019entend comme \u00e9tant la possibilit\u00e9 offerte aux internautes de refuser que leurs renseignements personnels soient utilis\u00e9s \u00e0 certaines fins mentionn\u00e9es lors de la collecte.<\/p>\n<p><strong>Acc\u00e8s aux informations personnelles<\/strong><\/p>\n<p>Pour acc\u00e8der \u00e0 vos aux informations personnelles, les modifier, les supprimer et exercer vos droits, vous pouvez nous contacter :<\/p>\n<p><strong>Camping du Phare de l\u2019\u00eele Vierge<\/strong><br>466 Meledan, 29880 Plouguerneau<br><a href=\"tel:0298371019\">02 98 37 10 19<\/a><br><a href=\"mailto:camping.phare.ile.vierge@gmail.com\">camping.phare.ile.vierge@gmail.com<\/a><\/p>\t\t\t\t\t\t\t\t<\/div>\n\t\t\t\t\t<\/div>\n\t\t\t\t<\/div>\n\t\t\t\t<\/div>\n\t\t","protected":false},"excerpt":{"rendered":"<p>Collecte de l\u2019information Nous recueillons des informations lorsque vous naviguez sur le site, lorsque vous passez une commande et lorsque vous remplissez l\u2019un des formulaires. En outre, nous recevons et enregistrons automatiquement des informations \u00e0 partir de votre ordinateur et navigateur, comme : votre adresse IP le type de mat\u00e9riel et de navigateur utilis\u00e9s la\/les [&hellip;]<\/p>\n","protected":false},"author":1,"featured_media":0,"parent":0,"menu_order":0,"comment_status":"closed","ping_status":"open","template":"","meta":{"footnotes":""},"class_list":["post-1224","page","type-page","status-publish","hentry"],"yoast_head":"<!-- This site is optimized with the Yoast SEO plugin v26.9 - https:\/\/yoast.com\/product\/yoast-seo-wordpress\/ -->\n<title>Datenschutzrichtlinie - CAMPING DU PHARE DE L \u00ceLE VIERGE<\/title>\n<meta name=\"description\" content=\"CAMPING DU PHARE DE L \u00ceLE VIERGE\" \/>\n<meta name=\"robots\" content=\"index, follow, max-snippet:-1, max-image-preview:large, max-video-preview:-1\" \/>\n<link rel=\"canonical\" href=\"https:\/\/www.camping-phare-ile-vierge.com\/de\/privacy-policy\/\" \/>\n<meta property=\"og:locale\" content=\"de_DE\" \/>\n<meta property=\"og:type\" content=\"article\" \/>\n<meta property=\"og:title\" content=\"Datenschutzrichtlinie - CAMPING DU PHARE DE L \u00ceLE VIERGE\" \/>\n<meta property=\"og:description\" content=\"CAMPING DU PHARE DE L \u00ceLE VIERGE\" \/>\n<meta property=\"og:url\" content=\"https:\/\/www.camping-phare-ile-vierge.com\/de\/privacy-policy\/\" \/>\n<meta property=\"og:site_name\" content=\"CAMPING DU PHARE DE L \u00ceLE VIERGE\" \/>\n<meta property=\"article:modified_time\" content=\"2026-02-15T07:13:58+00:00\" \/>\n<meta name=\"twitter:card\" content=\"summary_large_image\" \/>\n<meta name=\"twitter:label1\" content=\"Gesch\u00e4tzte Lesezeit\" \/>\n\t<meta name=\"twitter:data1\" content=\"3\u00a0Minuten\" \/>\n<script type=\"application\/ld+json\" class=\"yoast-schema-graph\">{\"@context\":\"https:\/\/schema.org\",\"@graph\":[{\"@type\":\"WebPage\",\"@id\":\"https:\/\/www.camping-phare-ile-vierge.com\/de\/privacy-policy\/\",\"url\":\"https:\/\/www.camping-phare-ile-vierge.com\/de\/privacy-policy\/\",\"name\":\"Datenschutzrichtlinie - CAMPING DU PHARE DE L \u00ceLE VIERGE\",\"isPartOf\":{\"@id\":\"https:\/\/www.camping-phare-ile-vierge.com\/#website\"},\"datePublished\":\"2026-01-29T18:20:40+00:00\",\"dateModified\":\"2026-02-15T07:13:58+00:00\",\"description\":\"CAMPING DU PHARE DE L \u00ceLE VIERGE\",\"breadcrumb\":{\"@id\":\"https:\/\/www.camping-phare-ile-vierge.com\/de\/privacy-policy\/#breadcrumb\"},\"inLanguage\":\"de\",\"potentialAction\":[{\"@type\":\"ReadAction\",\"target\":[\"https:\/\/www.camping-phare-ile-vierge.com\/de\/privacy-policy\/\"]}]},{\"@type\":\"BreadcrumbList\",\"@id\":\"https:\/\/www.camping-phare-ile-vierge.com\/de\/privacy-policy\/#breadcrumb\",\"itemListElement\":[{\"@type\":\"ListItem\",\"position\":1,\"name\":\"Accueil\",\"item\":\"https:\/\/www.camping-phare-ile-vierge.com\/\"},{\"@type\":\"ListItem\",\"position\":2,\"name\":\"Datenschutzrichtlinie\"}]},{\"@type\":\"WebSite\",\"@id\":\"https:\/\/www.camping-phare-ile-vierge.com\/#website\",\"url\":\"https:\/\/www.camping-phare-ile-vierge.com\/\",\"name\":\"CAMPING DU PHARE DE L \u00ceLE VIERGE\",\"description\":\"Camping deux \u00e9toiles \u00e0 Plouguerneau dans le Finist\u00e8re face au Phare de l&#039;ile Vierge  - CAMPING DU PHARE DE L&#039; \u00ceLE VIERGE\",\"publisher\":{\"@id\":\"https:\/\/www.camping-phare-ile-vierge.com\/#organization\"},\"potentialAction\":[{\"@type\":\"SearchAction\",\"target\":{\"@type\":\"EntryPoint\",\"urlTemplate\":\"https:\/\/www.camping-phare-ile-vierge.com\/?s={search_term_string}\"},\"query-input\":{\"@type\":\"PropertyValueSpecification\",\"valueRequired\":true,\"valueName\":\"search_term_string\"}}],\"inLanguage\":\"de\"},{\"@type\":\"Organization\",\"@id\":\"https:\/\/www.camping-phare-ile-vierge.com\/#organization\",\"name\":\"CAMPING DU PHARE DE L \u00ceLE VIERGE\",\"url\":\"https:\/\/www.camping-phare-ile-vierge.com\/\",\"logo\":{\"@type\":\"ImageObject\",\"inLanguage\":\"de\",\"@id\":\"https:\/\/www.camping-phare-ile-vierge.com\/#\/schema\/logo\/image\/\",\"url\":\"https:\/\/www.camping-phare-ile-vierge.com\/wp-content\/uploads\/2026\/01\/logofondblanc-campingduphare-e1769755931772.png\",\"contentUrl\":\"https:\/\/www.camping-phare-ile-vierge.com\/wp-content\/uploads\/2026\/01\/logofondblanc-campingduphare-e1769755931772.png\",\"width\":1240,\"height\":550,\"caption\":\"CAMPING DU PHARE DE L \u00ceLE VIERGE\"},\"image\":{\"@id\":\"https:\/\/www.camping-phare-ile-vierge.com\/#\/schema\/logo\/image\/\"}}]}<\/script>\n<!-- \/ Yoast SEO plugin. -->","yoast_head_json":{"title":"Datenschutzrichtlinie - CAMPING DU PHARE DE L \u00ceLE VIERGE","description":"CAMPING DU PHARE DE L \u00ceLE VIERGE","robots":{"index":"index","follow":"follow","max-snippet":"max-snippet:-1","max-image-preview":"max-image-preview:large","max-video-preview":"max-video-preview:-1"},"canonical":"https:\/\/www.camping-phare-ile-vierge.com\/de\/privacy-policy\/","og_locale":"de_DE","og_type":"article","og_title":"Datenschutzrichtlinie - CAMPING DU PHARE DE L \u00ceLE VIERGE","og_description":"CAMPING DU PHARE DE L \u00ceLE VIERGE","og_url":"https:\/\/www.camping-phare-ile-vierge.com\/de\/privacy-policy\/","og_site_name":"CAMPING DU PHARE DE L \u00ceLE VIERGE","article_modified_time":"2026-02-15T07:13:58+00:00","twitter_card":"summary_large_image","twitter_misc":{"Gesch\u00e4tzte Lesezeit":"3\u00a0Minuten"},"schema":{"@context":"https:\/\/schema.org","@graph":[{"@type":"WebPage","@id":"https:\/\/www.camping-phare-ile-vierge.com\/de\/privacy-policy\/","url":"https:\/\/www.camping-phare-ile-vierge.com\/de\/privacy-policy\/","name":"Datenschutzrichtlinie - CAMPING DU PHARE DE L \u00ceLE VIERGE","isPartOf":{"@id":"https:\/\/www.camping-phare-ile-vierge.com\/#website"},"datePublished":"2026-01-29T18:20:40+00:00","dateModified":"2026-02-15T07:13:58+00:00","description":"CAMPING DU PHARE DE L \u00ceLE VIERGE","breadcrumb":{"@id":"https:\/\/www.camping-phare-ile-vierge.com\/de\/privacy-policy\/#breadcrumb"},"inLanguage":"de","potentialAction":[{"@type":"ReadAction","target":["https:\/\/www.camping-phare-ile-vierge.com\/de\/privacy-policy\/"]}]},{"@type":"BreadcrumbList","@id":"https:\/\/www.camping-phare-ile-vierge.com\/de\/privacy-policy\/#breadcrumb","itemListElement":[{"@type":"ListItem","position":1,"name":"Accueil","item":"https:\/\/www.camping-phare-ile-vierge.com\/"},{"@type":"ListItem","position":2,"name":"Datenschutzrichtlinie"}]},{"@type":"WebSite","@id":"https:\/\/www.camping-phare-ile-vierge.com\/#website","url":"https:\/\/www.camping-phare-ile-vierge.com\/","name":"CAMPING DU PHARE DE L \u00ceLE VIERGE","description":"Camping deux \u00e9toiles \u00e0 Plouguerneau dans le Finist\u00e8re face au Phare de l&#039;ile Vierge  - CAMPING DU PHARE DE L&#039; \u00ceLE VIERGE","publisher":{"@id":"https:\/\/www.camping-phare-ile-vierge.com\/#organization"},"potentialAction":[{"@type":"SearchAction","target":{"@type":"EntryPoint","urlTemplate":"https:\/\/www.camping-phare-ile-vierge.com\/?s={search_term_string}"},"query-input":{"@type":"PropertyValueSpecification","valueRequired":true,"valueName":"search_term_string"}}],"inLanguage":"de"},{"@type":"Organization","@id":"https:\/\/www.camping-phare-ile-vierge.com\/#organization","name":"CAMPING DU PHARE DE L \u00ceLE VIERGE","url":"https:\/\/www.camping-phare-ile-vierge.com\/","logo":{"@type":"ImageObject","inLanguage":"de","@id":"https:\/\/www.camping-phare-ile-vierge.com\/#\/schema\/logo\/image\/","url":"https:\/\/www.camping-phare-ile-vierge.com\/wp-content\/uploads\/2026\/01\/logofondblanc-campingduphare-e1769755931772.png","contentUrl":"https:\/\/www.camping-phare-ile-vierge.com\/wp-content\/uploads\/2026\/01\/logofondblanc-campingduphare-e1769755931772.png","width":1240,"height":550,"caption":"CAMPING DU PHARE DE L \u00ceLE VIERGE"},"image":{"@id":"https:\/\/www.camping-phare-ile-vierge.com\/#\/schema\/logo\/image\/"}}]}},"_links":{"self":[{"href":"https:\/\/www.camping-phare-ile-vierge.com\/de\/wp-json\/wp\/v2\/pages\/1224","targetHints":{"allow":["GET"]}}],"collection":[{"href":"https:\/\/www.camping-phare-ile-vierge.com\/de\/wp-json\/wp\/v2\/pages"}],"about":[{"href":"https:\/\/www.camping-phare-ile-vierge.com\/de\/wp-json\/wp\/v2\/types\/page"}],"author":[{"embeddable":true,"href":"https:\/\/www.camping-phare-ile-vierge.com\/de\/wp-json\/wp\/v2\/users\/1"}],"replies":[{"embeddable":true,"href":"https:\/\/www.camping-phare-ile-vierge.com\/de\/wp-json\/wp\/v2\/comments?post=1224"}],"version-history":[{"count":4,"href":"https:\/\/www.camping-phare-ile-vierge.com\/de\/wp-json\/wp\/v2\/pages\/1224\/revisions"}],"predecessor-version":[{"id":1301,"href":"https:\/\/www.camping-phare-ile-vierge.com\/de\/wp-json\/wp\/v2\/pages\/1224\/revisions\/1301"}],"wp:attachment":[{"href":"https:\/\/www.camping-phare-ile-vierge.com\/de\/wp-json\/wp\/v2\/media?parent=1224"}],"curies":[{"name":"wp","href":"https:\/\/api.w.org\/{rel}","templated":true}]}}