{"id":1052,"date":"2026-02-04T07:16:51","date_gmt":"2026-02-04T06:16:51","guid":{"rendered":"https:\/\/www.camping-phare-ile-vierge.com\/pitches\/"},"modified":"2026-02-12T06:36:33","modified_gmt":"2026-02-12T05:36:33","slug":"pitches","status":"publish","type":"page","link":"https:\/\/www.camping-phare-ile-vierge.com\/en\/pitches\/","title":{"rendered":"Pitches"},"content":{"rendered":"\t\t<div data-elementor-type=\"wp-page\" data-elementor-id=\"1052\" class=\"elementor elementor-1052 elementor-628\" data-elementor-post-type=\"page\">\n\t\t\t\t<div class=\"elementor-element elementor-element-535228a e-con-full e-flex e-con e-parent\" data-id=\"535228a\" data-element_type=\"container\" data-settings=\"{&quot;background_background&quot;:&quot;classic&quot;}\">\n\t\t<div class=\"elementor-element elementor-element-65d67d1 e-flex e-con-boxed e-con e-child\" data-id=\"65d67d1\" data-element_type=\"container\">\n\t\t\t\t\t<div class=\"e-con-inner\">\n\t\t\t\t<div class=\"elementor-element elementor-element-23f889e elementor-widget elementor-widget-theme-site-logo elementor-widget-image\" data-id=\"23f889e\" data-element_type=\"widget\" data-widget_type=\"theme-site-logo.default\">\n\t\t\t\t\t\t\t\t\t\t\t<a href=\"https:\/\/www.camping-phare-ile-vierge.com\/en\/\">\n\t\t\t<img fetchpriority=\"high\" decoding=\"async\" width=\"1240\" height=\"550\" src=\"https:\/\/www.camping-phare-ile-vierge.com\/wp-content\/uploads\/2026\/01\/logofondblanc-campingduphare-e1769755931772.png\" class=\"attachment-full size-full wp-image-29\" alt=\"\" srcset=\"https:\/\/www.camping-phare-ile-vierge.com\/wp-content\/uploads\/2026\/01\/logofondblanc-campingduphare-e1769755931772.png 1240w, https:\/\/www.camping-phare-ile-vierge.com\/wp-content\/uploads\/2026\/01\/logofondblanc-campingduphare-e1769755931772-300x133.png 300w, https:\/\/www.camping-phare-ile-vierge.com\/wp-content\/uploads\/2026\/01\/logofondblanc-campingduphare-e1769755931772-1024x454.png 1024w, https:\/\/www.camping-phare-ile-vierge.com\/wp-content\/uploads\/2026\/01\/logofondblanc-campingduphare-e1769755931772-768x341.png 768w\" sizes=\"(max-width: 1240px) 100vw, 1240px\" \/>\t\t\t\t<\/a>\n\t\t\t\t\t\t\t\t\t\t\t<\/div>\n\t\t\t\t\t<\/div>\n\t\t\t\t<\/div>\n\t\t<div class=\"elementor-element elementor-element-922bdb4 e-flex e-con-boxed e-con e-child\" data-id=\"922bdb4\" data-element_type=\"container\" data-settings=\"{&quot;position&quot;:&quot;absolute&quot;}\">\n\t\t\t\t\t<div class=\"e-con-inner\">\n\t\t\t\t<div class=\"elementor-element elementor-element-b0b2fb7 elementor-widget elementor-widget-heading\" data-id=\"b0b2fb7\" data-element_type=\"widget\" data-widget_type=\"heading.default\">\n\t\t\t\t\t<div class=\"elementor-heading-title elementor-size-default\">Pitches<\/div>\t\t\t\t<\/div>\n\t\t\t\t\t<\/div>\n\t\t\t\t<\/div>\n\t\t\t\t<\/div>\n\t\t<div class=\"elementor-element elementor-element-329ca4d e-flex e-con-boxed elementor-invisible e-con e-child\" data-id=\"329ca4d\" data-element_type=\"container\" data-settings=\"{&quot;animation&quot;:&quot;fadeInUp&quot;,&quot;animation_delay&quot;:150}\">\n\t\t\t\t\t<div class=\"e-con-inner\">\n\t\t\t\t<div class=\"elementor-element elementor-element-38b786a elementor-widget elementor-widget-heading\" data-id=\"38b786a\" data-element_type=\"widget\" data-widget_type=\"heading.default\">\n\t\t\t\t\t<h1 class=\"elementor-heading-title elementor-size-default\">Oceanfront campsites<\/h1>\t\t\t\t<\/div>\n\t\t\t\t<div class=\"elementor-element elementor-element-39b48a9 elementor-widget elementor-widget-text-editor\" data-id=\"39b48a9\" data-element_type=\"widget\" data-widget_type=\"text-editor.default\">\n\t\t\t\t\t\t\t\t\t<h3 data-start=\"170\" data-end=\"230\">Freedom, nature and authenticity at the Virgin Island Lighthouse<\/h3><p data-start=\"232\" data-end=\"518\">Set up your <strong data-start=\"248\" data-end=\"282\">tent, caravan or motorhome<\/strong> in one of our <strong data-start=\"300\" data-end=\"325\">spacious pitches<\/strong>, in the heart of a nature campsite facing the <strong data-start=\"363\" data-end=\"388\">\u00cele Vierge lighthouse.<\/strong> Here, you can enjoy an exceptional setting between the <strong data-start=\"439\" data-end=\"478\">sea, wide open spaces and tranquility<\/strong>, ideal for a stay in complete freedom.<\/p><p data-start=\"520\" data-end=\"727\">Our pitches allow you to experience camping in its most authentic form, as close as possible to nature and the <strong data-start=\"640\" data-end=\"671\">rhythm of the Breton tides,<\/strong> while benefiting from the services of the campsite in season.<\/p><p data-start=\"729\" data-end=\"844\"><strong data-start=\"732\" data-end=\"777\">Book your pitch now and experience <\/strong>a unique stay on the Coast of Legends.<\/p>\t\t\t\t\t\t\t\t<\/div>\n\t\t\t\t\t<\/div>\n\t\t\t\t<\/div>\n\t\t<div class=\"elementor-element elementor-element-499e061 e-flex e-con-boxed e-con e-parent\" data-id=\"499e061\" data-element_type=\"container\">\n\t\t\t\t\t<div class=\"e-con-inner\">\n\t\t<div class=\"elementor-element elementor-element-673f925 e-con-full e-flex e-con e-child\" data-id=\"673f925\" data-element_type=\"container\">\n\t\t\t\t<div class=\"elementor-element elementor-element-42b8705 elementor-widget elementor-widget-html\" data-id=\"42b8705\" data-element_type=\"widget\" data-widget_type=\"html.default\">\n\t\t\t\t\t<ctv-product data-product-id=\"111508\" data-full=\"true\"><\/ctv-product>\t\t\t\t<\/div>\n\t\t\t\t<\/div>\n\t\t<div class=\"elementor-element elementor-element-b2acd76 e-con-full e-flex e-con e-child\" data-id=\"b2acd76\" data-element_type=\"container\">\n\t\t\t\t<div class=\"elementor-element elementor-element-d70af8a elementor-widget elementor-widget-html\" data-id=\"d70af8a\" data-element_type=\"widget\" data-widget_type=\"html.default\">\n\t\t\t\t\t<ctv-product data-product-id=\"111511\" data-full=\"true\"><\/ctv-product>\t\t\t\t<\/div>\n\t\t\t\t<\/div>\n\t\t\t\t\t<\/div>\n\t\t\t\t<\/div>\n\t\t\t\t<\/div>\n\t\t","protected":false},"excerpt":{"rendered":"<p>Pitches Oceanfront campsites Freedom, nature and authenticity at the Virgin Island Lighthouse Set up your tent, caravan or motorhome in one of our spacious pitches, in the heart of a nature campsite facing the \u00cele Vierge lighthouse. Here, you can enjoy an exceptional setting between the sea, wide open spaces and tranquility, ideal for a [&hellip;]<\/p>\n","protected":false},"author":1,"featured_media":0,"parent":0,"menu_order":0,"comment_status":"closed","ping_status":"closed","template":"","meta":{"footnotes":""},"class_list":["post-1052","page","type-page","status-publish","hentry"],"yoast_head":"<!-- This site is optimized with the Yoast SEO plugin v26.9 - https:\/\/yoast.com\/product\/yoast-seo-wordpress\/ -->\n<title>Pitches - CAMPING DU PHARE DE L \u00ceLE VIERGE<\/title>\n<meta name=\"description\" content=\"CAMPING DU PHARE DE L \u00ceLE VIERGE\" \/>\n<meta name=\"robots\" content=\"index, follow, max-snippet:-1, max-image-preview:large, max-video-preview:-1\" \/>\n<link rel=\"canonical\" href=\"https:\/\/www.camping-phare-ile-vierge.com\/emplacements\/\" \/>\n<meta property=\"og:locale\" content=\"en_US\" \/>\n<meta property=\"og:type\" content=\"article\" \/>\n<meta property=\"og:title\" content=\"Pitches - CAMPING DU PHARE DE L \u00ceLE VIERGE\" \/>\n<meta property=\"og:description\" content=\"CAMPING DU PHARE DE L \u00ceLE VIERGE\" \/>\n<meta property=\"og:url\" content=\"https:\/\/www.camping-phare-ile-vierge.com\/emplacements\/\" \/>\n<meta property=\"og:site_name\" content=\"CAMPING DU PHARE DE L \u00ceLE VIERGE\" \/>\n<meta property=\"article:modified_time\" content=\"2026-02-12T05:36:33+00:00\" \/>\n<meta name=\"twitter:card\" content=\"summary_large_image\" \/>\n<meta name=\"twitter:label1\" content=\"Est. reading time\" \/>\n\t<meta name=\"twitter:data1\" content=\"1 minute\" \/>\n<script type=\"application\/ld+json\" class=\"yoast-schema-graph\">{\"@context\":\"https:\/\/schema.org\",\"@graph\":[{\"@type\":\"WebPage\",\"@id\":\"https:\/\/www.camping-phare-ile-vierge.com\/emplacements\/\",\"url\":\"https:\/\/www.camping-phare-ile-vierge.com\/emplacements\/\",\"name\":\"Pitches - CAMPING DU PHARE DE L \u00ceLE VIERGE\",\"isPartOf\":{\"@id\":\"https:\/\/www.camping-phare-ile-vierge.com\/#website\"},\"datePublished\":\"2026-02-04T06:16:51+00:00\",\"dateModified\":\"2026-02-12T05:36:33+00:00\",\"description\":\"CAMPING DU PHARE DE L \u00ceLE VIERGE\",\"breadcrumb\":{\"@id\":\"https:\/\/www.camping-phare-ile-vierge.com\/emplacements\/#breadcrumb\"},\"inLanguage\":\"en-US\",\"potentialAction\":[{\"@type\":\"ReadAction\",\"target\":[\"https:\/\/www.camping-phare-ile-vierge.com\/emplacements\/\"]}]},{\"@type\":\"BreadcrumbList\",\"@id\":\"https:\/\/www.camping-phare-ile-vierge.com\/emplacements\/#breadcrumb\",\"itemListElement\":[{\"@type\":\"ListItem\",\"position\":1,\"name\":\"Accueil\",\"item\":\"https:\/\/www.camping-phare-ile-vierge.com\/\"},{\"@type\":\"ListItem\",\"position\":2,\"name\":\"Pitches\"}]},{\"@type\":\"WebSite\",\"@id\":\"https:\/\/www.camping-phare-ile-vierge.com\/#website\",\"url\":\"https:\/\/www.camping-phare-ile-vierge.com\/\",\"name\":\"CAMPING DU PHARE DE L \u00ceLE VIERGE\",\"description\":\"Camping deux \u00e9toiles \u00e0 Plouguerneau dans le Finist\u00e8re face au Phare de l&#039;ile Vierge  - CAMPING DU PHARE DE L&#039; \u00ceLE VIERGE\",\"publisher\":{\"@id\":\"https:\/\/www.camping-phare-ile-vierge.com\/#organization\"},\"potentialAction\":[{\"@type\":\"SearchAction\",\"target\":{\"@type\":\"EntryPoint\",\"urlTemplate\":\"https:\/\/www.camping-phare-ile-vierge.com\/?s={search_term_string}\"},\"query-input\":{\"@type\":\"PropertyValueSpecification\",\"valueRequired\":true,\"valueName\":\"search_term_string\"}}],\"inLanguage\":\"en-US\"},{\"@type\":\"Organization\",\"@id\":\"https:\/\/www.camping-phare-ile-vierge.com\/#organization\",\"name\":\"CAMPING DU PHARE DE L \u00ceLE VIERGE\",\"url\":\"https:\/\/www.camping-phare-ile-vierge.com\/\",\"logo\":{\"@type\":\"ImageObject\",\"inLanguage\":\"en-US\",\"@id\":\"https:\/\/www.camping-phare-ile-vierge.com\/#\/schema\/logo\/image\/\",\"url\":\"https:\/\/www.camping-phare-ile-vierge.com\/wp-content\/uploads\/2026\/01\/logofondblanc-campingduphare-e1769755931772.png\",\"contentUrl\":\"https:\/\/www.camping-phare-ile-vierge.com\/wp-content\/uploads\/2026\/01\/logofondblanc-campingduphare-e1769755931772.png\",\"width\":1240,\"height\":550,\"caption\":\"CAMPING DU PHARE DE L \u00ceLE VIERGE\"},\"image\":{\"@id\":\"https:\/\/www.camping-phare-ile-vierge.com\/#\/schema\/logo\/image\/\"}}]}<\/script>\n<!-- \/ Yoast SEO plugin. -->","yoast_head_json":{"title":"Pitches - CAMPING DU PHARE DE L \u00ceLE VIERGE","description":"CAMPING DU PHARE DE L \u00ceLE VIERGE","robots":{"index":"index","follow":"follow","max-snippet":"max-snippet:-1","max-image-preview":"max-image-preview:large","max-video-preview":"max-video-preview:-1"},"canonical":"https:\/\/www.camping-phare-ile-vierge.com\/emplacements\/","og_locale":"en_US","og_type":"article","og_title":"Pitches - CAMPING DU PHARE DE L \u00ceLE VIERGE","og_description":"CAMPING DU PHARE DE L \u00ceLE VIERGE","og_url":"https:\/\/www.camping-phare-ile-vierge.com\/emplacements\/","og_site_name":"CAMPING DU PHARE DE L \u00ceLE VIERGE","article_modified_time":"2026-02-12T05:36:33+00:00","twitter_card":"summary_large_image","twitter_misc":{"Est. reading time":"1 minute"},"schema":{"@context":"https:\/\/schema.org","@graph":[{"@type":"WebPage","@id":"https:\/\/www.camping-phare-ile-vierge.com\/emplacements\/","url":"https:\/\/www.camping-phare-ile-vierge.com\/emplacements\/","name":"Pitches - CAMPING DU PHARE DE L \u00ceLE VIERGE","isPartOf":{"@id":"https:\/\/www.camping-phare-ile-vierge.com\/#website"},"datePublished":"2026-02-04T06:16:51+00:00","dateModified":"2026-02-12T05:36:33+00:00","description":"CAMPING DU PHARE DE L \u00ceLE VIERGE","breadcrumb":{"@id":"https:\/\/www.camping-phare-ile-vierge.com\/emplacements\/#breadcrumb"},"inLanguage":"en-US","potentialAction":[{"@type":"ReadAction","target":["https:\/\/www.camping-phare-ile-vierge.com\/emplacements\/"]}]},{"@type":"BreadcrumbList","@id":"https:\/\/www.camping-phare-ile-vierge.com\/emplacements\/#breadcrumb","itemListElement":[{"@type":"ListItem","position":1,"name":"Accueil","item":"https:\/\/www.camping-phare-ile-vierge.com\/"},{"@type":"ListItem","position":2,"name":"Pitches"}]},{"@type":"WebSite","@id":"https:\/\/www.camping-phare-ile-vierge.com\/#website","url":"https:\/\/www.camping-phare-ile-vierge.com\/","name":"CAMPING DU PHARE DE L \u00ceLE VIERGE","description":"Camping deux \u00e9toiles \u00e0 Plouguerneau dans le Finist\u00e8re face au Phare de l&#039;ile Vierge  - CAMPING DU PHARE DE L&#039; \u00ceLE VIERGE","publisher":{"@id":"https:\/\/www.camping-phare-ile-vierge.com\/#organization"},"potentialAction":[{"@type":"SearchAction","target":{"@type":"EntryPoint","urlTemplate":"https:\/\/www.camping-phare-ile-vierge.com\/?s={search_term_string}"},"query-input":{"@type":"PropertyValueSpecification","valueRequired":true,"valueName":"search_term_string"}}],"inLanguage":"en-US"},{"@type":"Organization","@id":"https:\/\/www.camping-phare-ile-vierge.com\/#organization","name":"CAMPING DU PHARE DE L \u00ceLE VIERGE","url":"https:\/\/www.camping-phare-ile-vierge.com\/","logo":{"@type":"ImageObject","inLanguage":"en-US","@id":"https:\/\/www.camping-phare-ile-vierge.com\/#\/schema\/logo\/image\/","url":"https:\/\/www.camping-phare-ile-vierge.com\/wp-content\/uploads\/2026\/01\/logofondblanc-campingduphare-e1769755931772.png","contentUrl":"https:\/\/www.camping-phare-ile-vierge.com\/wp-content\/uploads\/2026\/01\/logofondblanc-campingduphare-e1769755931772.png","width":1240,"height":550,"caption":"CAMPING DU PHARE DE L \u00ceLE VIERGE"},"image":{"@id":"https:\/\/www.camping-phare-ile-vierge.com\/#\/schema\/logo\/image\/"}}]}},"_links":{"self":[{"href":"https:\/\/www.camping-phare-ile-vierge.com\/en\/wp-json\/wp\/v2\/pages\/1052","targetHints":{"allow":["GET"]}}],"collection":[{"href":"https:\/\/www.camping-phare-ile-vierge.com\/en\/wp-json\/wp\/v2\/pages"}],"about":[{"href":"https:\/\/www.camping-phare-ile-vierge.com\/en\/wp-json\/wp\/v2\/types\/page"}],"author":[{"embeddable":true,"href":"https:\/\/www.camping-phare-ile-vierge.com\/en\/wp-json\/wp\/v2\/users\/1"}],"replies":[{"embeddable":true,"href":"https:\/\/www.camping-phare-ile-vierge.com\/en\/wp-json\/wp\/v2\/comments?post=1052"}],"version-history":[{"count":1,"href":"https:\/\/www.camping-phare-ile-vierge.com\/en\/wp-json\/wp\/v2\/pages\/1052\/revisions"}],"predecessor-version":[{"id":1053,"href":"https:\/\/www.camping-phare-ile-vierge.com\/en\/wp-json\/wp\/v2\/pages\/1052\/revisions\/1053"}],"wp:attachment":[{"href":"https:\/\/www.camping-phare-ile-vierge.com\/en\/wp-json\/wp\/v2\/media?parent=1052"}],"curies":[{"name":"wp","href":"https:\/\/api.w.org\/{rel}","templated":true}]}}