{"id":1073,"date":"2026-02-04T07:14:44","date_gmt":"2026-02-04T06:14:44","guid":{"rendered":"https:\/\/www.camping-phare-ile-vierge.com\/our-offers\/"},"modified":"2026-02-12T06:50:27","modified_gmt":"2026-02-12T05:50:27","slug":"our-offers","status":"publish","type":"page","link":"https:\/\/www.camping-phare-ile-vierge.com\/en\/our-offers\/","title":{"rendered":"Our offers"},"content":{"rendered":"\t\t<div data-elementor-type=\"wp-page\" data-elementor-id=\"1073\" class=\"elementor elementor-1073 elementor-622\" data-elementor-post-type=\"page\">\n\t\t\t\t<div class=\"elementor-element elementor-element-d75a2a7 e-con-full e-flex e-con e-parent\" data-id=\"d75a2a7\" data-element_type=\"container\" data-settings=\"{&quot;background_background&quot;:&quot;classic&quot;}\">\n\t\t<div class=\"elementor-element elementor-element-da39084 e-flex e-con-boxed e-con e-child\" data-id=\"da39084\" data-element_type=\"container\">\n\t\t\t\t\t<div class=\"e-con-inner\">\n\t\t\t\t<div class=\"elementor-element elementor-element-c4acf77 elementor-widget elementor-widget-theme-site-logo elementor-widget-image\" data-id=\"c4acf77\" data-element_type=\"widget\" data-widget_type=\"theme-site-logo.default\">\n\t\t\t\t\t\t\t\t\t\t\t<a href=\"https:\/\/www.camping-phare-ile-vierge.com\/en\/\">\n\t\t\t<img fetchpriority=\"high\" decoding=\"async\" width=\"1240\" height=\"550\" src=\"https:\/\/www.camping-phare-ile-vierge.com\/wp-content\/uploads\/2026\/01\/logofondblanc-campingduphare-e1769755931772.png\" class=\"attachment-full size-full wp-image-29\" alt=\"\" srcset=\"https:\/\/www.camping-phare-ile-vierge.com\/wp-content\/uploads\/2026\/01\/logofondblanc-campingduphare-e1769755931772.png 1240w, https:\/\/www.camping-phare-ile-vierge.com\/wp-content\/uploads\/2026\/01\/logofondblanc-campingduphare-e1769755931772-300x133.png 300w, https:\/\/www.camping-phare-ile-vierge.com\/wp-content\/uploads\/2026\/01\/logofondblanc-campingduphare-e1769755931772-1024x454.png 1024w, https:\/\/www.camping-phare-ile-vierge.com\/wp-content\/uploads\/2026\/01\/logofondblanc-campingduphare-e1769755931772-768x341.png 768w\" sizes=\"(max-width: 1240px) 100vw, 1240px\" \/>\t\t\t\t<\/a>\n\t\t\t\t\t\t\t\t\t\t\t<\/div>\n\t\t\t\t\t<\/div>\n\t\t\t\t<\/div>\n\t\t<div class=\"elementor-element elementor-element-aa15d77 e-flex e-con-boxed e-con e-child\" data-id=\"aa15d77\" data-element_type=\"container\" data-settings=\"{&quot;position&quot;:&quot;absolute&quot;}\">\n\t\t\t\t\t<div class=\"e-con-inner\">\n\t\t\t\t<div class=\"elementor-element elementor-element-e63857f elementor-widget elementor-widget-heading\" data-id=\"e63857f\" data-element_type=\"widget\" data-widget_type=\"heading.default\">\n\t\t\t\t\t<div class=\"elementor-heading-title elementor-size-default\">Our offers\n<\/div>\t\t\t\t<\/div>\n\t\t\t\t\t<\/div>\n\t\t\t\t<\/div>\n\t\t\t\t<\/div>\n\t\t<div class=\"elementor-element elementor-element-abef81f e-flex e-con-boxed elementor-invisible e-con e-child\" data-id=\"abef81f\" data-element_type=\"container\" data-settings=\"{&quot;animation&quot;:&quot;fadeInUp&quot;,&quot;animation_delay&quot;:150}\">\n\t\t\t\t\t<div class=\"e-con-inner\">\n\t\t\t\t<div class=\"elementor-element elementor-element-a8ffd14 elementor-widget elementor-widget-heading\" data-id=\"a8ffd14\" data-element_type=\"widget\" data-widget_type=\"heading.default\">\n\t\t\t\t\t<h1 class=\"elementor-heading-title elementor-size-default\">Stays at the best prices at the Virgin Island Lighthouse<\/h1>\t\t\t\t<\/div>\n\t\t\t\t<div class=\"elementor-element elementor-element-f5ac09b elementor-widget elementor-widget-text-editor\" data-id=\"f5ac09b\" data-element_type=\"widget\" data-widget_type=\"text-editor.default\">\n\t\t\t\t\t\t\t\t\t<p data-start=\"242\" data-end=\"528\">Take advantage of our <strong data-start=\"258\" data-end=\"278\">special offers<\/strong> to experience an unforgettable stay in Brittany, opposite the <strong data-start=\"333\" data-end=\"358\">\u00cele Vierge lighthouse.<\/strong> Throughout the season, discover our <strong data-start=\"401\" data-end=\"415\">great deals <\/strong>and exclusive benefits, designed to allow you to fully enjoy camping at the <strong data-start=\"509\" data-end=\"527\">best price.<\/strong><\/p><p data-start=\"530\" data-end=\"775\">S\u00e9jours courts, longues escapades, offres de derni\u00e8re minute ou p\u00e9riodes privil\u00e9gi\u00e9es : nos offres s\u2019adaptent \u00e0 vos envies de <strong data-start=\"656\" data-end=\"689\">nature, de calme et d\u2019\u00e9vasion<\/strong>, que vous s\u00e9journiez en <strong data-start=\"714\" data-end=\"729\">mobile home<\/strong>, en <strong data-start=\"734\" data-end=\"749\">emplacement<\/strong> ou en <strong data-start=\"756\" data-end=\"774\">cabane d\u2019\u00e9tape<\/strong>.<\/p><p data-start=\"777\" data-end=\"884\"><strong data-start=\"780\" data-end=\"831\">Check out our offers and book now<\/strong> your seafront stay on the Coast of Legends.<\/p>\t\t\t\t\t\t\t\t<\/div>\n\t\t\t\t\t<\/div>\n\t\t\t\t<\/div>\n\t\t<div class=\"elementor-element elementor-element-339048a e-flex e-con-boxed e-con e-parent\" data-id=\"339048a\" data-element_type=\"container\">\n\t\t\t\t\t<div class=\"e-con-inner\">\n\t\t<div class=\"elementor-element elementor-element-375ec2b e-con-full e-flex e-con e-child\" data-id=\"375ec2b\" data-element_type=\"container\">\n\t\t\t\t<div class=\"elementor-element elementor-element-9435a72 elementor-widget elementor-widget-html\" data-id=\"9435a72\" data-element_type=\"widget\" data-widget_type=\"html.default\">\n\t\t\t\t\t<ctv-availability data-background-color=\"#FFFFFFFF\"><\/ctv-availability>\t\t\t\t<\/div>\n\t\t\t\t<\/div>\n\t\t\t\t\t<\/div>\n\t\t\t\t<\/div>\n\t\t\t\t<\/div>\n\t\t","protected":false},"excerpt":{"rendered":"<p>Our offers Stays at the best prices at the Virgin Island Lighthouse Take advantage of our special offers to experience an unforgettable stay in Brittany, opposite the \u00cele Vierge lighthouse. Throughout the season, discover our great deals and exclusive benefits, designed to allow you to fully enjoy camping at the best price. S\u00e9jours courts, longues [&hellip;]<\/p>\n","protected":false},"author":1,"featured_media":0,"parent":0,"menu_order":0,"comment_status":"closed","ping_status":"closed","template":"","meta":{"footnotes":""},"class_list":["post-1073","page","type-page","status-publish","hentry"],"yoast_head":"<!-- This site is optimized with the Yoast SEO plugin v26.9 - https:\/\/yoast.com\/product\/yoast-seo-wordpress\/ -->\n<title>Our offers - CAMPING DU PHARE DE L \u00ceLE VIERGE<\/title>\n<meta name=\"description\" content=\"CAMPING DU PHARE DE L \u00ceLE VIERGE\" \/>\n<meta name=\"robots\" content=\"index, follow, max-snippet:-1, max-image-preview:large, max-video-preview:-1\" \/>\n<link rel=\"canonical\" href=\"https:\/\/www.camping-phare-ile-vierge.com\/nos-offres\/\" \/>\n<meta property=\"og:locale\" content=\"en_US\" \/>\n<meta property=\"og:type\" content=\"article\" \/>\n<meta property=\"og:title\" content=\"Our offers - CAMPING DU PHARE DE L \u00ceLE VIERGE\" \/>\n<meta property=\"og:description\" content=\"CAMPING DU PHARE DE L \u00ceLE VIERGE\" \/>\n<meta property=\"og:url\" content=\"https:\/\/www.camping-phare-ile-vierge.com\/nos-offres\/\" \/>\n<meta property=\"og:site_name\" content=\"CAMPING DU PHARE DE L \u00ceLE VIERGE\" \/>\n<meta property=\"article:modified_time\" content=\"2026-02-12T05:50:27+00:00\" \/>\n<meta name=\"twitter:card\" content=\"summary_large_image\" \/>\n<meta name=\"twitter:label1\" content=\"Est. reading time\" \/>\n\t<meta name=\"twitter:data1\" content=\"1 minute\" \/>\n<script type=\"application\/ld+json\" class=\"yoast-schema-graph\">{\"@context\":\"https:\/\/schema.org\",\"@graph\":[{\"@type\":\"WebPage\",\"@id\":\"https:\/\/www.camping-phare-ile-vierge.com\/nos-offres\/\",\"url\":\"https:\/\/www.camping-phare-ile-vierge.com\/nos-offres\/\",\"name\":\"Our offers - CAMPING DU PHARE DE L \u00ceLE VIERGE\",\"isPartOf\":{\"@id\":\"https:\/\/www.camping-phare-ile-vierge.com\/#website\"},\"datePublished\":\"2026-02-04T06:14:44+00:00\",\"dateModified\":\"2026-02-12T05:50:27+00:00\",\"description\":\"CAMPING DU PHARE DE L \u00ceLE VIERGE\",\"breadcrumb\":{\"@id\":\"https:\/\/www.camping-phare-ile-vierge.com\/nos-offres\/#breadcrumb\"},\"inLanguage\":\"en-US\",\"potentialAction\":[{\"@type\":\"ReadAction\",\"target\":[\"https:\/\/www.camping-phare-ile-vierge.com\/nos-offres\/\"]}]},{\"@type\":\"BreadcrumbList\",\"@id\":\"https:\/\/www.camping-phare-ile-vierge.com\/nos-offres\/#breadcrumb\",\"itemListElement\":[{\"@type\":\"ListItem\",\"position\":1,\"name\":\"Accueil\",\"item\":\"https:\/\/www.camping-phare-ile-vierge.com\/\"},{\"@type\":\"ListItem\",\"position\":2,\"name\":\"Our offers\"}]},{\"@type\":\"WebSite\",\"@id\":\"https:\/\/www.camping-phare-ile-vierge.com\/#website\",\"url\":\"https:\/\/www.camping-phare-ile-vierge.com\/\",\"name\":\"CAMPING DU PHARE DE L \u00ceLE VIERGE\",\"description\":\"Camping deux \u00e9toiles \u00e0 Plouguerneau dans le Finist\u00e8re face au Phare de l&#039;ile Vierge  - CAMPING DU PHARE DE L&#039; \u00ceLE VIERGE\",\"publisher\":{\"@id\":\"https:\/\/www.camping-phare-ile-vierge.com\/#organization\"},\"potentialAction\":[{\"@type\":\"SearchAction\",\"target\":{\"@type\":\"EntryPoint\",\"urlTemplate\":\"https:\/\/www.camping-phare-ile-vierge.com\/?s={search_term_string}\"},\"query-input\":{\"@type\":\"PropertyValueSpecification\",\"valueRequired\":true,\"valueName\":\"search_term_string\"}}],\"inLanguage\":\"en-US\"},{\"@type\":\"Organization\",\"@id\":\"https:\/\/www.camping-phare-ile-vierge.com\/#organization\",\"name\":\"CAMPING DU PHARE DE L \u00ceLE VIERGE\",\"url\":\"https:\/\/www.camping-phare-ile-vierge.com\/\",\"logo\":{\"@type\":\"ImageObject\",\"inLanguage\":\"en-US\",\"@id\":\"https:\/\/www.camping-phare-ile-vierge.com\/#\/schema\/logo\/image\/\",\"url\":\"https:\/\/www.camping-phare-ile-vierge.com\/wp-content\/uploads\/2026\/01\/logofondblanc-campingduphare-e1769755931772.png\",\"contentUrl\":\"https:\/\/www.camping-phare-ile-vierge.com\/wp-content\/uploads\/2026\/01\/logofondblanc-campingduphare-e1769755931772.png\",\"width\":1240,\"height\":550,\"caption\":\"CAMPING DU PHARE DE L \u00ceLE VIERGE\"},\"image\":{\"@id\":\"https:\/\/www.camping-phare-ile-vierge.com\/#\/schema\/logo\/image\/\"}}]}<\/script>\n<!-- \/ Yoast SEO plugin. -->","yoast_head_json":{"title":"Our offers - CAMPING DU PHARE DE L \u00ceLE VIERGE","description":"CAMPING DU PHARE DE L \u00ceLE VIERGE","robots":{"index":"index","follow":"follow","max-snippet":"max-snippet:-1","max-image-preview":"max-image-preview:large","max-video-preview":"max-video-preview:-1"},"canonical":"https:\/\/www.camping-phare-ile-vierge.com\/nos-offres\/","og_locale":"en_US","og_type":"article","og_title":"Our offers - CAMPING DU PHARE DE L \u00ceLE VIERGE","og_description":"CAMPING DU PHARE DE L \u00ceLE VIERGE","og_url":"https:\/\/www.camping-phare-ile-vierge.com\/nos-offres\/","og_site_name":"CAMPING DU PHARE DE L \u00ceLE VIERGE","article_modified_time":"2026-02-12T05:50:27+00:00","twitter_card":"summary_large_image","twitter_misc":{"Est. reading time":"1 minute"},"schema":{"@context":"https:\/\/schema.org","@graph":[{"@type":"WebPage","@id":"https:\/\/www.camping-phare-ile-vierge.com\/nos-offres\/","url":"https:\/\/www.camping-phare-ile-vierge.com\/nos-offres\/","name":"Our offers - CAMPING DU PHARE DE L \u00ceLE VIERGE","isPartOf":{"@id":"https:\/\/www.camping-phare-ile-vierge.com\/#website"},"datePublished":"2026-02-04T06:14:44+00:00","dateModified":"2026-02-12T05:50:27+00:00","description":"CAMPING DU PHARE DE L \u00ceLE VIERGE","breadcrumb":{"@id":"https:\/\/www.camping-phare-ile-vierge.com\/nos-offres\/#breadcrumb"},"inLanguage":"en-US","potentialAction":[{"@type":"ReadAction","target":["https:\/\/www.camping-phare-ile-vierge.com\/nos-offres\/"]}]},{"@type":"BreadcrumbList","@id":"https:\/\/www.camping-phare-ile-vierge.com\/nos-offres\/#breadcrumb","itemListElement":[{"@type":"ListItem","position":1,"name":"Accueil","item":"https:\/\/www.camping-phare-ile-vierge.com\/"},{"@type":"ListItem","position":2,"name":"Our offers"}]},{"@type":"WebSite","@id":"https:\/\/www.camping-phare-ile-vierge.com\/#website","url":"https:\/\/www.camping-phare-ile-vierge.com\/","name":"CAMPING DU PHARE DE L \u00ceLE VIERGE","description":"Camping deux \u00e9toiles \u00e0 Plouguerneau dans le Finist\u00e8re face au Phare de l&#039;ile Vierge  - CAMPING DU PHARE DE L&#039; \u00ceLE VIERGE","publisher":{"@id":"https:\/\/www.camping-phare-ile-vierge.com\/#organization"},"potentialAction":[{"@type":"SearchAction","target":{"@type":"EntryPoint","urlTemplate":"https:\/\/www.camping-phare-ile-vierge.com\/?s={search_term_string}"},"query-input":{"@type":"PropertyValueSpecification","valueRequired":true,"valueName":"search_term_string"}}],"inLanguage":"en-US"},{"@type":"Organization","@id":"https:\/\/www.camping-phare-ile-vierge.com\/#organization","name":"CAMPING DU PHARE DE L \u00ceLE VIERGE","url":"https:\/\/www.camping-phare-ile-vierge.com\/","logo":{"@type":"ImageObject","inLanguage":"en-US","@id":"https:\/\/www.camping-phare-ile-vierge.com\/#\/schema\/logo\/image\/","url":"https:\/\/www.camping-phare-ile-vierge.com\/wp-content\/uploads\/2026\/01\/logofondblanc-campingduphare-e1769755931772.png","contentUrl":"https:\/\/www.camping-phare-ile-vierge.com\/wp-content\/uploads\/2026\/01\/logofondblanc-campingduphare-e1769755931772.png","width":1240,"height":550,"caption":"CAMPING DU PHARE DE L \u00ceLE VIERGE"},"image":{"@id":"https:\/\/www.camping-phare-ile-vierge.com\/#\/schema\/logo\/image\/"}}]}},"_links":{"self":[{"href":"https:\/\/www.camping-phare-ile-vierge.com\/en\/wp-json\/wp\/v2\/pages\/1073","targetHints":{"allow":["GET"]}}],"collection":[{"href":"https:\/\/www.camping-phare-ile-vierge.com\/en\/wp-json\/wp\/v2\/pages"}],"about":[{"href":"https:\/\/www.camping-phare-ile-vierge.com\/en\/wp-json\/wp\/v2\/types\/page"}],"author":[{"embeddable":true,"href":"https:\/\/www.camping-phare-ile-vierge.com\/en\/wp-json\/wp\/v2\/users\/1"}],"replies":[{"embeddable":true,"href":"https:\/\/www.camping-phare-ile-vierge.com\/en\/wp-json\/wp\/v2\/comments?post=1073"}],"version-history":[{"count":1,"href":"https:\/\/www.camping-phare-ile-vierge.com\/en\/wp-json\/wp\/v2\/pages\/1073\/revisions"}],"predecessor-version":[{"id":1074,"href":"https:\/\/www.camping-phare-ile-vierge.com\/en\/wp-json\/wp\/v2\/pages\/1073\/revisions\/1074"}],"wp:attachment":[{"href":"https:\/\/www.camping-phare-ile-vierge.com\/en\/wp-json\/wp\/v2\/media?parent=1073"}],"curies":[{"name":"wp","href":"https:\/\/api.w.org\/{rel}","templated":true}]}}